{"id":68033,"date":"2021-10-10T23:57:37","date_gmt":"2021-10-10T21:57:37","guid":{"rendered":"https:\/\/skinial.com\/training\/?post_type=product&#038;p=68033"},"modified":"2021-12-22T06:38:18","modified_gmt":"2021-12-22T05:38:18","slug":"professional-offline-em-portegues","status":"publish","type":"product","link":"https:\/\/skinial.com\/training\/pt-br\/shop\/professional-offline-em-portegues\/","title":{"rendered":"Professional Offline (em Portegu\u00eas)"},"content":{"rendered":"<p>[vc_row][vc_column][vc_message color=&#8221;warning&#8221; message_box_color=&#8221;warning&#8221; icon_fontawesome=&#8221;fas fa-exclamation-triangle&#8221;]Este curso apenas poder\u00e1 ser feito ap\u00f3s a <span class=\"font96\">conclucao completa de<\/span><span class=\"font12\"> um treinamento FADING!\u00a0<a href=\"https:\/\/skinial.com\/training\/pt-br\/courses\/pt-skinial-basic\/\">Clique aqui para mais informacoes do treinamento<span class=\"aau\">\u00a0 <\/span>FADING-&gt;<\/a><\/span>[\/vc_message][vc_row_inner][vc_column_inner][\/vc_column_inner][\/vc_row_inner][vc_column_text]<\/p>\n<h2><strong>Para quem \u00e9 indicado este treinamento?\u00a0\u00a0 <\/strong><\/h2>\n<p><span data-contrast=\"auto\"><img loading=\"lazy\" decoding=\"async\" class=\"size-medium wp-image-66048 alignright\" src=\"https:\/\/skinial.com\/training\/wp-content\/uploads\/2021\/03\/4564DA9B-8C57-4C49-B8A8-0FFA32154C67-300x212.png\" alt=\"\" width=\"300\" height=\"212\" srcset=\"https:\/\/skinial.com\/training\/wp-content\/uploads\/2021\/03\/4564DA9B-8C57-4C49-B8A8-0FFA32154C67-300x212.png 300w, https:\/\/skinial.com\/training\/wp-content\/uploads\/2021\/03\/4564DA9B-8C57-4C49-B8A8-0FFA32154C67-1024x724.png 1024w, https:\/\/skinial.com\/training\/wp-content\/uploads\/2021\/03\/4564DA9B-8C57-4C49-B8A8-0FFA32154C67-768x543.png 768w, https:\/\/skinial.com\/training\/wp-content\/uploads\/2021\/03\/4564DA9B-8C57-4C49-B8A8-0FFA32154C67-1536x1086.png 1536w, https:\/\/skinial.com\/training\/wp-content\/uploads\/2021\/03\/4564DA9B-8C57-4C49-B8A8-0FFA32154C67-2048x1448.png 2048w, https:\/\/skinial.com\/training\/wp-content\/uploads\/2021\/03\/4564DA9B-8C57-4C49-B8A8-0FFA32154C67-600x424.png 600w\" sizes=\"auto, (max-width: 300px) 100vw, 300px\" \/>Se voc\u00ea domina perfeitamente o b\u00e1sico da remo\u00e7\u00e3o de tatuagens sem laser e j\u00e1 adquiriu alguma experi\u00eancia com a t\u00e9cnica FADING, voc\u00ea tamb\u00e9m pode aprender a t\u00e9cnica exclusiva e patenteada de remo\u00e7\u00e3o instant\u00e2nea usando a nossa t\u00e9cnica DOT para alcan\u00e7ar a mais alta perfei\u00e7\u00e3o na remo\u00e7\u00e3o de tatuagens. Esta t\u00e9cnica permite remover completamente quase<span class=\"aau\">\u00a0 <\/span>instantaneamente toda pigmenta\u00e7\u00e3o. Por se tratar de uma t\u00e9cnica bem mais exigente do que a t\u00e9cnica FADING, o m\u00e9todo DOT s\u00f3 deve ser feito por t\u00e9cnicos e est\u00fadios qualificados e que j\u00e1 tenham adquirido experi\u00eancia anterior com a t\u00e9cnica FADING.<br \/>\n<\/span><\/p>\n<p><span data-ccp-props=\"{}\">O treinamento revisa e aprofunda seu conhecimento da t\u00e9cnica FADING e o introduz passo a passo ao nosso exclusivo m\u00e9todo DOT, o foco aqui est\u00e1 nos exerc\u00edcios pr\u00e1ticos, visando a sua MELHOR PR\u00c1TICA e para isso compartilhamos com voc\u00ea nossos exemplos e muitos anos de experi\u00eancia. O curso ser\u00e1 concluido com um ou mais tratamentos pr\u00e1ticos de remo\u00e7\u00e3o em modelos. Voc\u00ea encontrar\u00e1 a estrutura do treinamento logo abaixo. <\/span><\/p>\n<p><span data-ccp-props=\"{&quot;134233117&quot;:true,&quot;134233118&quot;:true}\"> Esta t\u00e9cnica permite remover completamente quase toda pigmenta\u00e7\u00e3o imediatamente. A t\u00e9cnica \u00e9 mais exigente do que a t\u00e9cnica FADING. Antes de iniciar o n\u00edvel profissional voc\u00ea deve ter completado o m\u00e9todo FADING e o b\u00e1sico.\u00a0\u00a0<\/span><\/p>\n<h2><strong>Custos e dura\u00e7\u00e3o do treinamento?\u00a0\u00a0 <\/strong><\/h2>\n<p><img loading=\"lazy\" decoding=\"async\" class=\"alignleft wp-image-66034 size-medium\" style=\"margin: 0.5em var(--global-md-spacing) 0.5em 0px;\" src=\"https:\/\/skinial.com\/training\/wp-content\/uploads\/2021\/05\/B585D077-187B-4D60-B00E-92E90C04FFC5-300x169.png\" alt=\"\" width=\"300\" height=\"169\" srcset=\"https:\/\/skinial.com\/training\/wp-content\/uploads\/2021\/05\/B585D077-187B-4D60-B00E-92E90C04FFC5-300x169.png 300w, https:\/\/skinial.com\/training\/wp-content\/uploads\/2021\/05\/B585D077-187B-4D60-B00E-92E90C04FFC5-1024x576.png 1024w, https:\/\/skinial.com\/training\/wp-content\/uploads\/2021\/05\/B585D077-187B-4D60-B00E-92E90C04FFC5-768x432.png 768w, https:\/\/skinial.com\/training\/wp-content\/uploads\/2021\/05\/B585D077-187B-4D60-B00E-92E90C04FFC5-1536x864.png 1536w, https:\/\/skinial.com\/training\/wp-content\/uploads\/2021\/05\/B585D077-187B-4D60-B00E-92E90C04FFC5-600x338.png 600w, https:\/\/skinial.com\/training\/wp-content\/uploads\/2021\/05\/B585D077-187B-4D60-B00E-92E90C04FFC5.png 1920w\" sizes=\"auto, (max-width: 300px) 100vw, 300px\" \/><\/p>\n<p>O treinamento custa \u20ac995 euros (l\u00edquidos), incluindo um kit inicial, que ser\u00e1 enviado automaticamente a voc\u00ea pelo correio. Voc\u00ea poder\u00e1 come\u00e7ar o seu treinamento imediatamente ap\u00f3s o pagamento da taxa. O treinamento tem em m\u00e9dia de 30 a 40 horas, e voc\u00ea pode interrompe-lo a qualquer momento. Voc\u00ea ter\u00e1 20 semanas para completar o treinamento.\u00a0\u00a0Ap\u00f3s a conclus\u00e3o bem sucedida do seu curso, voc\u00ea receber\u00e1 seu certificado, seu comprovante de compra, sua senha pessoal SKINIAL para comprar os nossos produtos de remo\u00e7\u00e3o, al\u00e9m do acesso ao PORTAL DE SERVI\u00c7O SKINIAL e \u00e0 p\u00e1gina fechada do FACEBOOK PROFESSIONALS, tamb\u00e9m o upload de nossas fotos para que voce possa mostrar aos clientes diretamente no nosso site, isso ir\u00e1 ajudar voc\u00ea a ter mais procura pelo servico.[\/vc_column_text][\/vc_column][\/vc_row][vc_row][vc_column][vc_tta_accordion style=&#8221;outline&#8221; color=&#8221;sky&#8221; active_section=&#8221;1&#8243;][vc_tta_section title=&#8221;Requisitos&#8221; tab_id=&#8221;1620032370682-83746e20-3d0e&#8221;][vc_column_text]Tudo o que voc\u00ea precisa \u00e9 ter acesso \u00e0 Internet, um iPad ou PC. Um telefone celular n\u00e3o \u00e9 o mais adequado por ter uma tela pequena e isso dificulta o seu aprendizado. Por ter uma navega\u00e7\u00e3o intuitiva, o treinamento \u00e9 bem simples e facil, at\u00e9 mesmo para pessoas que n\u00e3o tem muita experi\u00eancia com o mundo virtual.[\/vc_column_text][\/vc_tta_section][vc_tta_section title=&#8221;Qu\u00e3o seguro \u00e9 o treinamento?&#8221; tab_id=&#8221;1620032370706-5c1b6420-184f&#8221;][vc_column_text]Nossa t\u00e9cnica REMOVAL \u00e9 um dos tratamentos mais seguros do mundo e d\u00e1 resultados surpreendentemente bons. Qualquer pessoa que j\u00e1 tenha conclu\u00eddo com sucesso nosso treinamento BASICO (FADING) poder\u00e1 aprender esta t\u00e9cnica. Nosso formul\u00e1rio de consentimento oferece a voc\u00ea e a seus clientes uma prote\u00e7\u00e3o abrangente.[\/vc_column_text][\/vc_tta_section][vc_tta_section title=&#8221;Conte\u00fado&#8221; tab_id=&#8221;1620032440147-ed4bff2d-d198&#8243;][vc_column_text]O treinamento revisa e aprofunda o seu conhecimento da t\u00e9cnica FADING e o introduz passo a passo ao nosso exclusivo m\u00e9todo DOT. O foco est\u00e1 nos exerc\u00edcios pr\u00e1ticos, alguns dos quais voc\u00ea tem que enviar a um treinador on-line e que ser\u00e3o corrigidos e devolvidos a voc\u00ea em seguida, focando sempre na MELHOR PR\u00c1TICA e para isso compartilhamos com voc\u00ea nossos exemplos e nossa experi\u00eancia de muitos anos. A parte final do treinamento \u00e9 um tratamento de remo\u00e7\u00e3o em seu primeiro cliente. Voc\u00ea nos envia o resultado e n\u00f3s o avaliamos.<\/p>\n<p>A estrutura do treinamento com as li\u00e7\u00f5es individuais podem ser encontradas abaixo.\u00a0Ap\u00f3s um exame final bem-sucedido e um bom resultado no tratamento, voc\u00ea receber\u00e1 seu certificado, um vale-compras, sua senha pessoal SKINIAL e muito mais.[\/vc_column_text][vc_row_inner][vc_column_inner width=&#8221;1\/3&#8243;][vc_single_image image=&#8221;62086&#8243; img_size=&#8221;medium&#8221; alignment=&#8221;center&#8221; style=&#8221;vc_box_outline&#8221;][\/vc_column_inner][vc_column_inner width=&#8221;1\/3&#8243;][vc_single_image image=&#8221;62084&#8243; img_size=&#8221;medium&#8221; alignment=&#8221;center&#8221; style=&#8221;vc_box_outline&#8221;][\/vc_column_inner][vc_column_inner width=&#8221;1\/3&#8243;][vc_single_image image=&#8221;62085&#8243; img_size=&#8221;medium&#8221; alignment=&#8221;center&#8221; style=&#8221;vc_box_outline&#8221;][\/vc_column_inner][\/vc_row_inner][\/vc_tta_section][\/vc_tta_accordion][vc_single_image image=&#8221;66969&#8243; img_size=&#8221;full&#8221; alignment=&#8221;center&#8221;][\/vc_column][\/vc_row][vc_row][vc_column][vc_column_text]<\/p>\n<h2><strong>O objetivo do treinamento<\/strong><\/h2>\n<p>O aprendizado do m\u00e9todo DOT lhe permitir\u00e1 remover a pigmenta\u00e7\u00e3o das \u00e1reas tratadas imediatamente e na maioria dos casos quase completamente, at\u00e9 mesmo em casos mais dif\u00edceis. Voc\u00ea poder\u00e1 oferecer a melhor combina\u00e7\u00e3o entre o m\u00e9todo de remo\u00e7\u00e3o e o s\u00e9rum ideal para cada tipo de pele e solicita\u00e7\u00e3o do cliente.[\/vc_column_text][\/vc_column][\/vc_row][vc_row][vc_column][vc_separator color=&#8221;sky&#8221; border_width=&#8221;2&#8243;][\/vc_column][\/vc_row]<\/p>\n","protected":false},"excerpt":{"rendered":"<h2><strong>Para quem \u00e9 indicado este treinamento?\u00a0\u00a0 <\/strong><\/h2>\n<p><span data-contrast=\"auto\"><img loading=\"lazy\" decoding=\"async\" class=\"size-medium wp-image-66048 alignright\" src=\"https:\/\/skinial.com\/training\/wp-content\/uploads\/2021\/03\/4564DA9B-8C57-4C49-B8A8-0FFA32154C67-300x212.png\" alt=\"\" width=\"300\" height=\"212\" srcset=\"https:\/\/skinial.com\/training\/wp-content\/uploads\/2021\/03\/4564DA9B-8C57-4C49-B8A8-0FFA32154C67-300x212.png 300w, https:\/\/skinial.com\/training\/wp-content\/uploads\/2021\/03\/4564DA9B-8C57-4C49-B8A8-0FFA32154C67-1024x724.png 1024w, https:\/\/skinial.com\/training\/wp-content\/uploads\/2021\/03\/4564DA9B-8C57-4C49-B8A8-0FFA32154C67-768x543.png 768w, https:\/\/skinial.com\/training\/wp-content\/uploads\/2021\/03\/4564DA9B-8C57-4C49-B8A8-0FFA32154C67-1536x1086.png 1536w, https:\/\/skinial.com\/training\/wp-content\/uploads\/2021\/03\/4564DA9B-8C57-4C49-B8A8-0FFA32154C67-2048x1448.png 2048w, https:\/\/skinial.com\/training\/wp-content\/uploads\/2021\/03\/4564DA9B-8C57-4C49-B8A8-0FFA32154C67-600x424.png 600w\" sizes=\"auto, (max-width: 300px) 100vw, 300px\" \/>Se voc\u00ea domina perfeitamente o b\u00e1sico da remo\u00e7\u00e3o de tatuagens sem laser e j\u00e1 adquiriu alguma experi\u00eancia com a t\u00e9cnica FADING, voc\u00ea tamb\u00e9m pode aprender a t\u00e9cnica exclusiva e patenteada de remo\u00e7\u00e3o instant\u00e2nea usando a nossa t\u00e9cnica DOT para alcan\u00e7ar a mais alta perfei\u00e7\u00e3o na remo\u00e7\u00e3o de tatuagens. Esta t\u00e9cnica permite remover completamente quase<span class=\"aau\">\u00a0 <\/span>instantaneamente toda pigmenta\u00e7\u00e3o. Por se tratar de uma t\u00e9cnica bem mais exigente do que a t\u00e9cnica FADING, o m\u00e9todo DOT s\u00f3 deve ser feito por t\u00e9cnicos e est\u00fadios qualificados e que j\u00e1 tenham adquirido experi\u00eancia anterior com a t\u00e9cnica FADING.<br \/>\n<\/span><\/p>\n<p><span data-ccp-props=\"{}\">O treinamento revisa e aprofunda seu conhecimento da t\u00e9cnica FADING e o introduz passo a passo ao nosso exclusivo m\u00e9todo DOT, o foco aqui est\u00e1 nos exerc\u00edcios pr\u00e1ticos, visando a sua MELHOR PR\u00c1TICA e para isso compartilhamos com voc\u00ea nossos exemplos e muitos anos de experi\u00eancia. O curso ser\u00e1 concluido com um ou mais tratamentos pr\u00e1ticos de remo\u00e7\u00e3o em modelos. Voc\u00ea encontrar\u00e1 a estrutura do treinamento logo abaixo. <\/span><\/p>\n<p><span data-ccp-props=\"{&quot;134233117&quot;:true,&quot;134233118&quot;:true}\"> Esta t\u00e9cnica permite remover completamente quase toda pigmenta\u00e7\u00e3o imediatamente. A t\u00e9cnica \u00e9 mais exigente do que a t\u00e9cnica FADING. Antes de iniciar o n\u00edvel profissional voc\u00ea deve ter completado o m\u00e9todo FADING e o b\u00e1sico.\u00a0\u00a0<\/span><\/p>\n","protected":false},"featured_media":63289,"template":"","meta":{"_kadence_starter_templates_imported_post":false,"_kad_post_transparent":"default","_kad_post_title":"","_kad_post_layout":"default","_kad_post_sidebar_id":"","_kad_post_content_style":"default","_kad_post_vertical_padding":"default","_kad_post_feature":"","_kad_post_feature_position":"","_kad_post_header":false,"_kad_post_footer":false},"product_cat":[51],"product_tag":[],"class_list":{"0":"post-68033","1":"product","2":"type-product","3":"status-publish","4":"has-post-thumbnail","6":"product_cat-basic-pt","8":"first","9":"instock","10":"virtual","11":"sold-individually","12":"taxable","13":"purchasable","14":"product-type-course","15":"entry","16":"content-bg","17":"loop-entry"},"_links":{"self":[{"href":"https:\/\/skinial.com\/training\/pt-br\/wp-json\/wp\/v2\/product\/68033","targetHints":{"allow":["GET"]}}],"collection":[{"href":"https:\/\/skinial.com\/training\/pt-br\/wp-json\/wp\/v2\/product"}],"about":[{"href":"https:\/\/skinial.com\/training\/pt-br\/wp-json\/wp\/v2\/types\/product"}],"wp:featuredmedia":[{"embeddable":true,"href":"https:\/\/skinial.com\/training\/pt-br\/wp-json\/wp\/v2\/media\/63289"}],"wp:attachment":[{"href":"https:\/\/skinial.com\/training\/pt-br\/wp-json\/wp\/v2\/media?parent=68033"}],"wp:term":[{"taxonomy":"product_cat","embeddable":true,"href":"https:\/\/skinial.com\/training\/pt-br\/wp-json\/wp\/v2\/product_cat?post=68033"},{"taxonomy":"product_tag","embeddable":true,"href":"https:\/\/skinial.com\/training\/pt-br\/wp-json\/wp\/v2\/product_tag?post=68033"}],"curies":[{"name":"wp","href":"https:\/\/api.w.org\/{rel}","templated":true}]}}