{"id":63158,"date":"2021-05-31T06:13:16","date_gmt":"2021-05-31T04:13:16","guid":{"rendered":"https:\/\/skinial.com\/training\/product\/skinial-basic\/"},"modified":"2021-07-21T18:42:42","modified_gmt":"2021-07-21T16:42:42","slug":"skinial-basic","status":"publish","type":"product","link":"https:\/\/skinial.com\/training\/pt-br\/shop\/skinial-basic\/","title":{"rendered":"SKINIAL Basic (em Portegu\u00eas)"},"content":{"rendered":"<p>[vc_row][vc_column][vc_row_inner][vc_column_inner][\/vc_column_inner][\/vc_row_inner][vc_column_text]<\/p>\n<h2>Custo e dura\u00e7\u00e3o do treinamento?<\/h2>\n<p><span data-contrast=\"auto\">O treinamento custa 595\u20ac incluindo um kit de partida, que ser\u00e1 enviado para voc\u00ea automaticamente. Imediatamente ap\u00f3s pagar a taxa de treinamento, voc\u00ea pode come\u00e7ar imediatamente. Em m\u00e9dia, o treinamento, que eles podem interromper a qualquer momento, dura de 12 a 15 horas. Voc\u00ea tem 20 semanas para terminar o treinamento. O tratamento pr\u00e1tico para um cliente n\u00e3o \u00e9 previsto durante este treinamento e n\u00e3o \u00e9 necess\u00e1rio. Ap\u00f3s o exame final bem sucedido, voc\u00ea receber\u00e1 seu certificado, um voucher de compras, sua senha skinial pessoal e muito mais.<\/span><\/p>\n<p><img loading=\"lazy\" decoding=\"async\" class=\"aligncenter wp-image-615 size-full\" src=\"https:\/\/skinial.com\/training\/wp-content\/uploads\/2021\/03\/Bildschirmfoto-2021-03-25-um-12.06.19.png\" alt=\"\" width=\"468\" height=\"263\" srcset=\"https:\/\/skinial.com\/training\/wp-content\/uploads\/2021\/03\/Bildschirmfoto-2021-03-25-um-12.06.19.png 468w, https:\/\/skinial.com\/training\/wp-content\/uploads\/2021\/03\/Bildschirmfoto-2021-03-25-um-12.06.19-300x169.png 300w\" sizes=\"auto, (max-width: 468px) 100vw, 468px\" \/>[\/vc_column_text][\/vc_column][\/vc_row][vc_row][vc_column][vc_tta_accordion style=&#8221;outline&#8221; color=&#8221;sky&#8221; active_section=&#8221;1&#8243;][vc_tta_section title=&#8221;Requisitos&#8221; tab_id=&#8221;1620032370682-83746e20-3d0e&#8221;][vc_column_text]Tudo o que voc\u00ea precisa \u00e9 de acesso \u00e0 Internet, um iPad ou PC. Um celular n\u00e3o \u00e9 adequado devido \u00e0 tela pequena. Devido \u00e0 navega\u00e7\u00e3o intuitiva do menu, o treinamento tamb\u00e9m \u00e9 adequado para pessoas sem experi\u00eancia online. Voc\u00ea n\u00e3o precisa de um dispositivo de remo\u00e7\u00e3o para o treinamento em si.[\/vc_column_text][\/vc_tta_section][vc_tta_section title=&#8221;Qu\u00e3o seguro \u00e9 o treinamento?&#8221; tab_id=&#8221;1620032370706-5c1b6420-184f&#8221;][vc_column_text]Nossa t\u00e9cnica de brightening \u00e9 um dos tratamentos mais seguros do mundo e produz resultados surpreendentemente bons. Qualquer um pode aprender essa t\u00e9cnica e come\u00e7ar com a remo\u00e7\u00e3o da tatuagem sem um laser. Nossa declara\u00e7\u00e3o comprovada de consentimento protege voc\u00ea e seus clientes.[\/vc_column_text][\/vc_tta_section][vc_tta_section title=&#8221;Contente&#8221; tab_id=&#8221;1620032440147-ed4bff2d-d198&#8243;][vc_column_text]Em 12 cap\u00edtulos extensos (aqui a estrutura dos cap\u00edtulos individuais) voc\u00ea aprender\u00e1 em uma parte te\u00f3rica e pr\u00e1tica tudo o que voc\u00ea precisa em termos de conhecimento m\u00e9dico, jur\u00eddico e pr\u00e1tico para a execu\u00e7\u00e3o segura desta atividade cosm\u00e9tica.<\/p>\n<p><span data-contrast=\"auto\">Voc\u00ea estar\u00e1 familiarizado com a t\u00e9cnica de tratamento passo a passo. O extenso material de aprendizagem \u00e9 facilmente transmitido para voc\u00ea com muitos v\u00eddeos, gr\u00e1ficos, perguntas e respostas, exerc\u00edcios e repeti\u00e7\u00f5es usando tecnologia de e-learning de \u00faltima gera\u00e7\u00e3o. A experi\u00eancia pr\u00e1tica de mais de 10 anos de tratamento em 20 pa\u00edses com milhares de clientes foi incorporada a esse treinamento. Cada cap\u00edtulo e cada exerc\u00edcio podem ser repetidos v\u00e1rias vezes. Se voc\u00ea tiver alguma d\u00favida, voc\u00ea pode nos contatar 24 horas por dia, 7 horas por dia, 70 04\/07 atrav\u00e9s do nosso chat.  <\/span><\/p>\n<p>Ap\u00f3s o treinamento, voc\u00ea receber\u00e1 acesso gratuito \u00e0 plataforma de compartilhamento de experi\u00eancias SKINIAL com centenas de est\u00fadios, uma enorme biblioteca de fotos, manuais, documentos para download e muito mais.[\/vc_column_text][vc_row_inner][vc_column_inner width=&#8221;1\/3&#8243;][vc_single_image image=&#8221;62086&#8243; img_size=&#8221;medium&#8221; alignment=&#8221;center&#8221; style=&#8221;vc_box_outline&#8221;][\/vc_column_inner][vc_column_inner width=&#8221;1\/3&#8243;][vc_single_image image=&#8221;62084&#8243; img_size=&#8221;medium&#8221; alignment=&#8221;center&#8221; style=&#8221;vc_box_outline&#8221;][\/vc_column_inner][vc_column_inner width=&#8221;1\/3&#8243;][vc_single_image image=&#8221;62085&#8243; img_size=&#8221;medium&#8221; alignment=&#8221;center&#8221; style=&#8221;vc_box_outline&#8221;][\/vc_column_inner][\/vc_row_inner][\/vc_tta_section][\/vc_tta_accordion][\/vc_column][\/vc_row][vc_row][vc_column][vc_column_text]<\/p>\n<h2>O objetivo do treinamento<\/h2>\n<p>O treinamento permitir\u00e1 que voc\u00ea trate imediatamente tatuagens corporais, PMU ou microblading, construa um neg\u00f3cio lucrativo, expanda sua oferta existente e entre no neg\u00f3cio em expans\u00e3o da remo\u00e7\u00e3o de tatuagens.<\/p>\n<p>Desejamos-lhe muita divers\u00e3o e muito sucesso<\/p>\n<p><span data-ccp-props=\"{}\">Voc\u00ea <\/span><b><span data-contrast=\"auto\">SKINIAL TEAM<\/span><\/b><span data-contrast=\"auto\"> <\/span><span data-ccp-props=\"{}\"> <\/span><\/p>\n<p><span data-contrast=\"none\">P.S.: N\u00e3o est\u00e1 claro mais alguma coisa? \u202f<\/span><a href=\"https:\/\/widget-v4.tidiochat.com\/chat.html?kifo8soiijmmp4im7lbfts68j37cxvbe\"><span data-contrast=\"none\">Bater papo<\/span><\/a><span data-contrast=\"none\">\u202f Voc\u00ea pode entrar em contato conosco ou escrever um e-mail para\u202f <\/span><a href=\"mailto:info@skinial.com\"><span data-contrast=\"none\">info@skinial.com<\/span><\/a><span data-contrast=\"none\">.<\/span><span data-ccp-props=\"{}\"> <\/span>[\/vc_column_text][\/vc_column][\/vc_row]<\/p>\n","protected":false},"excerpt":{"rendered":"<h2 aria-level=\"2\"><b><span data-contrast=\"none\">O treinamento para tatuagens clareadoras e maquiagem permanente<\/span><\/b><\/h2>\n<p><span data-contrast=\"none\">O treinamento FADING \u00e9 a introdu\u00e7\u00e3o ideal ao tema da remo\u00e7\u00e3o de tatuagem sem laser para pessoas de todos os setores, inclusive aqueles que est\u00e3o come\u00e7ando na lateral que desejam trabalhar comercialmente. Os tatuadores podem iluminar os encobrimentos sem ferir a pele. Os maquiadores permanentes corrigem a pigmenta\u00e7\u00e3o leve e m\u00e9dia das sobrancelhas e l\u00e1bios com rapidez e facilidade.<\/span><\/p>\n","protected":false},"featured_media":63289,"template":"","meta":{"_kadence_starter_templates_imported_post":false,"_kad_post_transparent":"default","_kad_post_title":"","_kad_post_layout":"default","_kad_post_sidebar_id":"","_kad_post_content_style":"default","_kad_post_vertical_padding":"default","_kad_post_feature":"","_kad_post_feature_position":"","_kad_post_header":false,"_kad_post_footer":false},"product_cat":[51],"product_tag":[],"class_list":{"0":"post-63158","1":"product","2":"type-product","3":"status-publish","4":"has-post-thumbnail","6":"product_cat-basic-pt","8":"first","9":"instock","10":"virtual","11":"sold-individually","12":"taxable","13":"purchasable","14":"product-type-course","15":"entry","16":"content-bg","17":"loop-entry"},"_links":{"self":[{"href":"https:\/\/skinial.com\/training\/pt-br\/wp-json\/wp\/v2\/product\/63158","targetHints":{"allow":["GET"]}}],"collection":[{"href":"https:\/\/skinial.com\/training\/pt-br\/wp-json\/wp\/v2\/product"}],"about":[{"href":"https:\/\/skinial.com\/training\/pt-br\/wp-json\/wp\/v2\/types\/product"}],"wp:featuredmedia":[{"embeddable":true,"href":"https:\/\/skinial.com\/training\/pt-br\/wp-json\/wp\/v2\/media\/63289"}],"wp:attachment":[{"href":"https:\/\/skinial.com\/training\/pt-br\/wp-json\/wp\/v2\/media?parent=63158"}],"wp:term":[{"taxonomy":"product_cat","embeddable":true,"href":"https:\/\/skinial.com\/training\/pt-br\/wp-json\/wp\/v2\/product_cat?post=63158"},{"taxonomy":"product_tag","embeddable":true,"href":"https:\/\/skinial.com\/training\/pt-br\/wp-json\/wp\/v2\/product_tag?post=63158"}],"curies":[{"name":"wp","href":"https:\/\/api.w.org\/{rel}","templated":true}]}}