{"id":72548,"date":"2022-05-05T09:57:17","date_gmt":"2022-05-05T07:57:17","guid":{"rendered":"https:\/\/skinial.com\/training\/?post_type=product&#038;p=72548"},"modified":"2022-05-17T11:40:09","modified_gmt":"2022-05-17T09:40:09","slug":"basique-offline-francais","status":"publish","type":"product","link":"https:\/\/skinial.com\/training\/fr\/shop\/basique-offline-francais\/","title":{"rendered":"BASIQUE OFFLINE (fran\u00e7ais)"},"content":{"rendered":"","protected":false},"excerpt":{"rendered":"<h2 aria-level=\"2\"><strong>A qui s&#8217;adresse la formation ? <\/strong><\/h2>\n<p>La formation FADING est l&#8217;introduction id\u00e9ale au th\u00e8me du d\u00e9tatouage sans laser pour les personnes de tous les secteurs, y compris les d\u00e9butants qui ne sont pas de la branche et ou qui souhaitent d\u00e9marrer dans ce commerce. Les tatoueurs peuvent \u00e9claircir les cover-up sans affecter la peau. Les maquilleurs permanents corrigent rapidement et facilement les pigmentations l\u00e9g\u00e8res et moyennes des sourcils et des l\u00e8vres.<\/p>\n","protected":false},"featured_media":0,"template":"","meta":{"_kadence_starter_templates_imported_post":false,"_kad_post_transparent":"default","_kad_post_title":"","_kad_post_layout":"default","_kad_post_sidebar_id":"","_kad_post_content_style":"default","_kad_post_vertical_padding":"default","_kad_post_feature":"","_kad_post_feature_position":"","_kad_post_header":false,"_kad_post_footer":false},"product_cat":[42],"product_tag":[],"class_list":{"0":"post-72548","1":"product","2":"type-product","3":"status-publish","5":"product_cat-basic-fr","7":"first","8":"instock","9":"virtual","10":"sold-individually","11":"taxable","12":"purchasable","13":"product-type-course","14":"entry","15":"content-bg","16":"loop-entry"},"_links":{"self":[{"href":"https:\/\/skinial.com\/training\/fr\/wp-json\/wp\/v2\/product\/72548","targetHints":{"allow":["GET"]}}],"collection":[{"href":"https:\/\/skinial.com\/training\/fr\/wp-json\/wp\/v2\/product"}],"about":[{"href":"https:\/\/skinial.com\/training\/fr\/wp-json\/wp\/v2\/types\/product"}],"wp:attachment":[{"href":"https:\/\/skinial.com\/training\/fr\/wp-json\/wp\/v2\/media?parent=72548"}],"wp:term":[{"taxonomy":"product_cat","embeddable":true,"href":"https:\/\/skinial.com\/training\/fr\/wp-json\/wp\/v2\/product_cat?post=72548"},{"taxonomy":"product_tag","embeddable":true,"href":"https:\/\/skinial.com\/training\/fr\/wp-json\/wp\/v2\/product_tag?post=72548"}],"curies":[{"name":"wp","href":"https:\/\/api.w.org\/{rel}","templated":true}]}}