{"id":68031,"date":"2021-10-10T23:53:54","date_gmt":"2021-10-10T21:53:54","guid":{"rendered":"https:\/\/skinial.com\/training\/?post_type=product&#038;p=68031"},"modified":"2021-11-30T22:59:28","modified_gmt":"2021-11-30T21:59:28","slug":"professional-offline-francais","status":"publish","type":"product","link":"https:\/\/skinial.com\/training\/fr\/shop\/professional-offline-francais\/","title":{"rendered":"Professional Offline (fran\u00e7ais)"},"content":{"rendered":"<p>[vc_row][vc_column][vc_row_inner][vc_column_inner][\/vc_column_inner][\/vc_row_inner][vc_column_text]<\/p>\n<h2 aria-level=\"2\"><img loading=\"lazy\" decoding=\"async\" class=\"size-medium wp-image-66042 alignright\" src=\"https:\/\/skinial.com\/training\/wp-content\/uploads\/2021\/05\/F45CD827-A276-4C92-9226-AEAC3809E302-300x212.png\" alt=\"\" width=\"300\" height=\"212\" srcset=\"https:\/\/skinial.com\/training\/wp-content\/uploads\/2021\/05\/F45CD827-A276-4C92-9226-AEAC3809E302-300x212.png 300w, https:\/\/skinial.com\/training\/wp-content\/uploads\/2021\/05\/F45CD827-A276-4C92-9226-AEAC3809E302-1024x724.png 1024w, https:\/\/skinial.com\/training\/wp-content\/uploads\/2021\/05\/F45CD827-A276-4C92-9226-AEAC3809E302-768x543.png 768w, https:\/\/skinial.com\/training\/wp-content\/uploads\/2021\/05\/F45CD827-A276-4C92-9226-AEAC3809E302-1536x1086.png 1536w, https:\/\/skinial.com\/training\/wp-content\/uploads\/2021\/05\/F45CD827-A276-4C92-9226-AEAC3809E302-2048x1448.png 2048w, https:\/\/skinial.com\/training\/wp-content\/uploads\/2021\/05\/F45CD827-A276-4C92-9226-AEAC3809E302-600x424.png 600w\" sizes=\"auto, (max-width: 300px) 100vw, 300px\" \/><br \/>\n<span data-ccp-props=\"{&quot;134233117&quot;:true,&quot;134233118&quot;:true,&quot;201341983&quot;:2,&quot;335559740&quot;:384}\"><span class=\"TextRun SCXW263704105 BCX4\" lang=\"FR-FR\" xml:lang=\"FR-FR\" data-contrast=\"auto\"><span class=\"NormalTextRun SCXW263704105 BCX4\">A qui s&#8217;adresse la formation ?\u00a0<\/span><\/span><span class=\"EOP SCXW263704105 BCX4\" data-ccp-props=\"{}\">\u00a0<\/span> <\/span><\/h2>\n<p><span data-contrast=\"auto\">Si vous ma\u00eetrisez parfaitement les bases et avez d\u00e9j\u00e0 acquis une certaine exp\u00e9rience de la technique FADING, vous pouvez \u00e9galement apprendre la technique exclusive et brevet\u00e9e d&#8217;enl\u00e8vement instantan\u00e9 par la technique DOT dans une formation en ligne e-learning de haute qualit\u00e9 pour atteindre la plus grande perfection en mati\u00e8re de d\u00e9tatouage. La m\u00e9thode DOT ne doit \u00eatre utilis\u00e9e que par de bons techniciens et des studios exp\u00e9riment\u00e9s qui ont d\u00e9j\u00e0 acquis de l&#8217;exp\u00e9rience avec la technique FADING.<\/span><span data-ccp-props=\"{}\">\u00a0<\/span><\/p>\n<p><span data-contrast=\"auto\">Cette technique permet d&#8217;enlever imm\u00e9diatement la quasi-totalit\u00e9 de la pigmentation. Cette technique est plus exigeante que celle du FADING. Avant de r\u00e9server le niveau professionnel, vous devez avoir suivi la m\u00e9thode FADING et les bases.\u00a0<\/span><span data-ccp-props=\"{}\">\u00a0<\/span><\/p>\n<h2><span class=\"TextRun SCXW183369115 BCX4\" lang=\"FR-FR\" xml:lang=\"FR-FR\" data-contrast=\"auto\"><span class=\"NormalTextRun SCXW183369115 BCX4\">Co\u00fbt et dur\u00e9e de la formation\u00a0<\/span><\/span><span class=\"EOP SCXW183369115 BCX4\" data-ccp-props=\"{}\">\u00a0<\/span><\/h2>\n<p><span class=\"TextRun SCXW120066993 BCX4\" lang=\"FR-FR\" xml:lang=\"FR-FR\" data-contrast=\"auto\"><span class=\"NormalTextRun SCXW120066993 BCX4\">La formation co\u00fbte 695\u20ac (net) incluant un kit de d\u00e9marrage, qui vous sera envoy\u00e9 automatiquement. D\u00e8s que vous aurez pay\u00e9 les frais de formation, vous pourrez commencer imm\u00e9diatement. En moyenne, la formation, que vous pouvez interrompre \u00e0 tout moment, dure 30 \u00e0 40 heures. Vous disposez de 20 semaines pour suivre la formation.\u00a0<\/span><\/span><span class=\"EOP SCXW120066993 BCX4\" data-ccp-props=\"{}\">\u00a0<\/span><\/p>\n<p><img loading=\"lazy\" decoding=\"async\" class=\"aligncenter wp-image-66033 size-large\" src=\"https:\/\/skinial.com\/training\/wp-content\/uploads\/2021\/05\/B585D077-187B-4D60-B00E-92E90C04FFC5-1024x576.png\" alt=\"\" width=\"1024\" height=\"576\" srcset=\"https:\/\/skinial.com\/training\/wp-content\/uploads\/2021\/05\/B585D077-187B-4D60-B00E-92E90C04FFC5-1024x576.png 1024w, https:\/\/skinial.com\/training\/wp-content\/uploads\/2021\/05\/B585D077-187B-4D60-B00E-92E90C04FFC5-300x169.png 300w, https:\/\/skinial.com\/training\/wp-content\/uploads\/2021\/05\/B585D077-187B-4D60-B00E-92E90C04FFC5-768x432.png 768w, https:\/\/skinial.com\/training\/wp-content\/uploads\/2021\/05\/B585D077-187B-4D60-B00E-92E90C04FFC5-1536x864.png 1536w, https:\/\/skinial.com\/training\/wp-content\/uploads\/2021\/05\/B585D077-187B-4D60-B00E-92E90C04FFC5-600x338.png 600w, https:\/\/skinial.com\/training\/wp-content\/uploads\/2021\/05\/B585D077-187B-4D60-B00E-92E90C04FFC5.png 1920w\" sizes=\"auto, (max-width: 1024px) 100vw, 1024px\" \/>[\/vc_column_text][\/vc_column][\/vc_row][vc_row][vc_column][vc_tta_accordion style=&#8221;outline&#8221; color=&#8221;sky&#8221; active_section=&#8221;1&#8243;][vc_tta_section title=&#8221;Exigences&#8221; tab_id=&#8221;1620032370682-83746e20-3d0e&#8221;][vc_column_text]Tout ce dont vous avez besoin est un acc\u00e8s \u00e0 l&#8217;internet, un iPad ou un\u00a0ordinateur. Un t\u00e9l\u00e9phone portable ne convient pas en raison de son petit \u00e9cran. Gr\u00e2ce \u00e0 la navigation intuitive dans le menu, la formation convient \u00e9galement aux personnes sans exp\u00e9rience\u00a0avec des formations\u00a0en ligne. Vous n&#8217;avez pas besoin d&#8217;un\u00a0dermograph\u00a0pour la formation elle-m\u00eame.[\/vc_column_text][\/vc_tta_section][vc_tta_section title=&#8221;La formation est-elle s\u00fbre?&#8221; tab_id=&#8221;1620032370706-5c1b6420-184f&#8221;][vc_column_text]Notre technique de d\u00e9tatouage est l&#8217;un des traitements les plus s\u00fbrs au monde et donne\u00a0des r\u00e9sultats\u00a0excellents. Tout le monde peut apprendre cette technique apr\u00e8s avoir fait notre formation BASIC (formation pour l&#8217;\u00e9claircissement). Notre formulaire de consentement, qui a fait ses preuves, offre une protection compl\u00e8te pour vous et vos clients.[\/vc_column_text][\/vc_tta_section][vc_tta_section title=&#8221;Contenu&#8221; tab_id=&#8221;1620032440147-ed4bff2d-d198&#8243;][vc_column_text]<span data-contrast=\"auto\">La formation reprend et approfondit vos connaissances de la technique du FADING et vous initie pas \u00e0 pas \u00e0 notre m\u00e9thode unique DOT. L&#8217;accent est mis sur les exercices pratiques, dont certains que vous devrez envoyer \u00e0 un formateur en ligne et qui seront corrig\u00e9s et vous seront renvoy\u00e9s, ainsi que sur une grande section BEST PRACTICE dans laquelle nous partageons avec vous notre longue exp\u00e9rience \u00e0 l&#8217;aide de nombreux exemples. La derni\u00e8re partie est un traitement d&#8217;\u00e9limination sur votre premier client. Vous nous envoyez le r\u00e9sultat avant que nous vous lib\u00e9rions.\u00a0<\/span><span data-ccp-props=\"{}\">\u00a0<\/span><\/p>\n<p><span data-contrast=\"auto\">La structure de la formation avec les le\u00e7ons individuelles se trouve ci-dessous. Apr\u00e8s un examen final r\u00e9ussi et un bon r\u00e9sultat de traitement, vous recevrez votre certificat, un bon d&#8217;achat, votre mot de passe personnel SKINIAL, et bien plus encore.\u00a0\u00a0<\/span><span data-ccp-props=\"{}\">\u00a0<\/span>[\/vc_column_text][vc_row_inner][vc_column_inner width=&#8221;1\/3&#8243;][vc_single_image image=&#8221;58114&#8243; img_size=&#8221;medium&#8221; alignment=&#8221;center&#8221; style=&#8221;vc_box_outline&#8221;][\/vc_column_inner][vc_column_inner width=&#8221;1\/3&#8243;][vc_single_image image=&#8221;58108&#8243; img_size=&#8221;medium&#8221; alignment=&#8221;center&#8221; style=&#8221;vc_box_outline&#8221;][\/vc_column_inner][vc_column_inner width=&#8221;1\/3&#8243;][vc_single_image image=&#8221;58111&#8243; img_size=&#8221;medium&#8221; alignment=&#8221;center&#8221; style=&#8221;vc_box_outline&#8221;][\/vc_column_inner][\/vc_row_inner][\/vc_tta_section][\/vc_tta_accordion][\/vc_column][\/vc_row][vc_row][vc_column][vc_column_text]<\/p>\n<h2><strong>Le but de la formation\u00a0\u00a0<\/strong><\/h2>\n<p><span data-ccp-props=\"{}\">La formation vous permettra de traiter imm\u00e9diatement les tatouages corporels,\u00a0le\u00a0maquillages\u00a0permanents\u00a0ou le microblading, de cr\u00e9er une entreprise rentable, d&#8217;\u00e9largir votre offre existante et de vous lancer dans le secteur en plein essor de l&#8217;enl\u00e8vement\u00a0des tatouages.\u00a0 <\/span><span data-ccp-props=\"{}\">\u00a0<\/span><\/p>\n<p>Nous vous souhaitons d&#8217;ores et d\u00e9j\u00e0 beaucoup de plaisir et de succ\u00e8s.<\/p>\n<p><span data-contrast=\"auto\">Votre <\/span><span data-ccp-props=\"{}\">\u00a0<\/span><b><span data-contrast=\"auto\">SKINIAL TEAM<\/span><\/b><span data-contrast=\"auto\">\u00a0<\/span><span data-ccp-props=\"{}\">\u00a0<\/span><\/p>\n<p><b><span data-contrast=\"none\">P.S.: <\/span><\/b>Il y a encore quelque chose de pas clair ?<span data-contrast=\"none\">\u00a0\u202f<\/span><a href=\"https:\/\/widget-v4.tidiochat.com\/chat.html?kifo8soiijmmp4im7lbfts68j37cxvbe\"><span data-contrast=\"none\">Chattez<\/span><\/a><span data-contrast=\"none\">\u202f avec nous ou \u00e9crivez un\u00a0email\u00a0\u00e0 <\/span><a href=\"mailto:info@skinial.com\"><span data-contrast=\"none\">info@skinial.com<\/span><\/a><span data-contrast=\"none\">.<\/span><span data-ccp-props=\"{}\">\u00a0<\/span>[\/vc_column_text][\/vc_column][\/vc_row][vc_row][vc_column][vc_separator color=&#8221;sky&#8221; border_width=&#8221;2&#8243;][\/vc_column][\/vc_row]<\/p>\n","protected":false},"excerpt":{"rendered":"<h2 aria-level=\"2\"><span data-ccp-props=\"{&quot;134233117&quot;:true,&quot;134233118&quot;:true,&quot;201341983&quot;:2,&quot;335559740&quot;:384}\"><span class=\"TextRun SCXW263704105 BCX4\" lang=\"FR-FR\" xml:lang=\"FR-FR\" data-contrast=\"auto\"><span class=\"NormalTextRun SCXW263704105 BCX4\">A qui s&#8217;adresse la formation ?\u00a0<\/span><\/span><span class=\"EOP SCXW263704105 BCX4\" data-ccp-props=\"{}\">\u00a0<\/span> <\/span><\/h2>\n<p><span data-contrast=\"auto\">Si vous ma\u00eetrisez parfaitement les bases et avez d\u00e9j\u00e0 acquis une certaine exp\u00e9rience de la technique FADING, vous pouvez \u00e9galement apprendre la technique exclusive et brevet\u00e9e d&#8217;enl\u00e8vement instantan\u00e9 par la technique DOT dans une formation en ligne e-learning de haute qualit\u00e9 pour atteindre la plus grande perfection en mati\u00e8re de d\u00e9tatouage. La m\u00e9thode DOT ne doit \u00eatre utilis\u00e9e que par de bons techniciens et des studios exp\u00e9riment\u00e9s qui ont d\u00e9j\u00e0 acquis de l&#8217;exp\u00e9rience avec la technique FADING.<\/span><span data-ccp-props=\"{}\">\u00a0<\/span><\/p>\n<p><span data-contrast=\"auto\">Cette technique permet d&#8217;enlever imm\u00e9diatement la quasi-totalit\u00e9 de la pigmentation. Cette technique est plus exigeante que celle du FADING. Avant de r\u00e9server le niveau professionnel, vous devez avoir suivi la m\u00e9thode FADING et les bases.\u00a0<\/span><\/p>\n","protected":false},"featured_media":66042,"template":"","meta":{"_kadence_starter_templates_imported_post":false,"_kad_post_transparent":"default","_kad_post_title":"","_kad_post_layout":"default","_kad_post_sidebar_id":"","_kad_post_content_style":"default","_kad_post_vertical_padding":"default","_kad_post_feature":"","_kad_post_feature_position":"","_kad_post_header":false,"_kad_post_footer":false},"product_cat":[31],"product_tag":[],"class_list":{"0":"post-68031","1":"product","2":"type-product","3":"status-publish","4":"has-post-thumbnail","6":"product_cat-general-fr","8":"first","9":"instock","10":"taxable","11":"shipping-taxable","12":"purchasable","13":"product-type-simple","14":"entry","15":"content-bg","16":"loop-entry"},"_links":{"self":[{"href":"https:\/\/skinial.com\/training\/fr\/wp-json\/wp\/v2\/product\/68031","targetHints":{"allow":["GET"]}}],"collection":[{"href":"https:\/\/skinial.com\/training\/fr\/wp-json\/wp\/v2\/product"}],"about":[{"href":"https:\/\/skinial.com\/training\/fr\/wp-json\/wp\/v2\/types\/product"}],"wp:featuredmedia":[{"embeddable":true,"href":"https:\/\/skinial.com\/training\/fr\/wp-json\/wp\/v2\/media\/66042"}],"wp:attachment":[{"href":"https:\/\/skinial.com\/training\/fr\/wp-json\/wp\/v2\/media?parent=68031"}],"wp:term":[{"taxonomy":"product_cat","embeddable":true,"href":"https:\/\/skinial.com\/training\/fr\/wp-json\/wp\/v2\/product_cat?post=68031"},{"taxonomy":"product_tag","embeddable":true,"href":"https:\/\/skinial.com\/training\/fr\/wp-json\/wp\/v2\/product_tag?post=68031"}],"curies":[{"name":"wp","href":"https:\/\/api.w.org\/{rel}","templated":true}]}}