{"id":66832,"date":"2021-09-22T10:07:21","date_gmt":"2021-09-22T08:07:21","guid":{"rendered":"https:\/\/skinial.com\/training\/?post_type=product&#038;p=66832"},"modified":"2021-12-22T06:30:43","modified_gmt":"2021-12-22T05:30:43","slug":"basic-professional-offline-francais","status":"publish","type":"product","link":"https:\/\/skinial.com\/training\/fr\/shop\/basic-professional-offline-francais\/","title":{"rendered":"Basic + Professional Offline (Fran\u00e7ais)"},"content":{"rendered":"<p>[vc_row][vc_column][vc_column_text]<\/p>\n<h2 aria-level=\"2\"><strong>A qui s&#8217;adresse la formation ?\u00a0\u00a0 <\/strong><\/h2>\n<p><span data-contrast=\"auto\"><img loading=\"lazy\" decoding=\"async\" class=\"size-medium wp-image-66042 alignright\" src=\"https:\/\/skinial.com\/training\/wp-content\/uploads\/2021\/05\/F45CD827-A276-4C92-9226-AEAC3809E302-300x212.png\" alt=\"\" width=\"300\" height=\"212\" srcset=\"https:\/\/skinial.com\/training\/wp-content\/uploads\/2021\/05\/F45CD827-A276-4C92-9226-AEAC3809E302-300x212.png 300w, https:\/\/skinial.com\/training\/wp-content\/uploads\/2021\/05\/F45CD827-A276-4C92-9226-AEAC3809E302-1024x724.png 1024w, https:\/\/skinial.com\/training\/wp-content\/uploads\/2021\/05\/F45CD827-A276-4C92-9226-AEAC3809E302-768x543.png 768w, https:\/\/skinial.com\/training\/wp-content\/uploads\/2021\/05\/F45CD827-A276-4C92-9226-AEAC3809E302-1536x1086.png 1536w, https:\/\/skinial.com\/training\/wp-content\/uploads\/2021\/05\/F45CD827-A276-4C92-9226-AEAC3809E302-2048x1448.png 2048w, https:\/\/skinial.com\/training\/wp-content\/uploads\/2021\/05\/F45CD827-A276-4C92-9226-AEAC3809E302-600x424.png 600w\" sizes=\"auto, (max-width: 300px) 100vw, 300px\" \/>Certaines personnes ne sont pas tr\u00e8s dou\u00e9es pour apprendre sur l&#8217;ordinateur et ne veulent donc pas se passer d&#8217;un v\u00e9ritable formateur, surtout lorsqu&#8217;il s&#8217;agit d&#8217;enseigner des comp\u00e9tences manuelles. Pour eux, la formation <\/span><b><span data-contrast=\"auto\">BASIC &amp; PROFESSIONAL<\/span><\/b><span data-contrast=\"auto\"> est parfaite.\u00a0<\/span><span data-ccp-props=\"{}\">\u00a0<\/span><\/p>\n<p><span data-contrast=\"auto\">Cependant, notre longue exp\u00e9rience nous a \u00e9galement montr\u00e9 que la partie importante des bases en particulier n&#8217;est absorb\u00e9e et retenue que dans une moindre mesure par les participants \u00e0 une conf\u00e9rence en face \u00e0 face. Au plus tard apr\u00e8s 90 minutes, la plupart des participants perdent leur attention. Dans une pr\u00e9sentation de plusieurs heures, il n&#8217;est pas rare que moins d&#8217;un tiers du mat\u00e9riel d&#8217;apprentissage soit retenu.\u00a0<\/span><span data-ccp-props=\"{}\">\u00a0<\/span><\/p>\n<p><span data-contrast=\"auto\">Nous avons combin\u00e9 les avantages de la formation en classe avec les avantages de la formation en ligne. Vous pouvez vous familiariser avec les principes de base et les rapports de terrain \u00e0 votre guise, chez vous ou depuis n&#8217;importe quel endroit. Cela se fait par le biais d&#8217;une formation en ligne de haute qualit\u00e9 et facile \u00e0 utiliser. Bien pr\u00e9par\u00e9, vous prenez ensuite un rendez-vous individuel avec votre formateur pour apprendre de lui le m\u00e9tier de d\u00e9tatouer sur un mod\u00e8le. En divisant la formation en deux parties, le formateur peut se concentrer pleinement sur l&#8217;enseignement pratique des deux techniques d&#8217;enl\u00e8vement et r\u00e9pondre de mani\u00e8re exhaustive \u00e0 toutes vos questions.\u00a0<\/span><span data-ccp-props=\"{}\">\u00a0<\/span><\/p>\n<p><span data-ccp-props=\"{&quot;134233117&quot;:true,&quot;134233118&quot;:true}\">\u00a0<\/span><\/p>\n<h2><span data-ccp-props=\"{}\"><strong>Co\u00fbts et dur\u00e9e de la formation ?\u00a0<\/strong>\u00a0 <\/span><\/h2>\n<p><span data-contrast=\"auto\">La formation combin\u00e9e BASIC &amp; PROFESSIONAL co\u00fbte seulement 1.590\u20ac (net) incluant un kit de d\u00e9marrage, qui vous sera remis par votre formateur au d\u00e9but de la partie pratique de la formation. Imm\u00e9diatement apr\u00e8s avoir pay\u00e9 les frais de formation, vous pouvez commencer \u00e0 \u00e9tudier les bases et la th\u00e9orie.\u00a0<\/span><span data-ccp-props=\"{}\">\u00a0<\/span><\/p>\n<p><span data-contrast=\"auto\">Pour la premi\u00e8re partie de la formation, vous devez vous attendre \u00e0 passer environ 12 \u00e0 15 heures. Vous avez 20 semaines pour compl\u00e9ter le cours. Vous pouvez interrompre et reprendre la formation e-learning aussi souvent que vous le souhaitez.\u00a0<\/span><span data-ccp-props=\"{}\">\u00a0<\/span><span data-ccp-props=\"{}\">\u00a0<\/span><\/p>\n<p><span data-contrast=\"auto\">Apr\u00e8s avoir termin\u00e9 la premi\u00e8re partie et pass\u00e9 avec succ\u00e8s le test interm\u00e9diaire, veuillez contacter votre formateur et fixer un rendez-vous individuel pour la partie pratique de la formation. Cela prend une journ\u00e9e enti\u00e8re.\u00a0<\/span><span data-ccp-props=\"{}\">\u00a0<\/span>[\/vc_column_text][vc_row_inner][vc_column_inner][vc_single_image image=&#8221;66035&#8243; img_size=&#8221;full&#8221; alignment=&#8221;center&#8221;][\/vc_column_inner][\/vc_row_inner][\/vc_column][\/vc_row][vc_row][vc_column][vc_tta_accordion style=&#8221;outline&#8221; color=&#8221;sky&#8221; active_section=&#8221;1&#8243;][vc_tta_section title=&#8221;Exigences&#8221; tab_id=&#8221;1620032370682-83746e20-3d0e&#8221;][vc_column_text]Tout ce dont vous avez besoin est un acc\u00e8s \u00e0 l&#8217;internet, un iPad ou un\u00a0ordinateur. Un t\u00e9l\u00e9phone portable ne convient pas en raison de son petit \u00e9cran. Gr\u00e2ce \u00e0 la navigation intuitive dans le menu, la formation convient \u00e9galement aux personnes sans exp\u00e9rience\u00a0avec des formations\u00a0en ligne. Vous n&#8217;avez pas besoin d&#8217;un\u00a0dermograph\u00a0pour la formation elle-m\u00eame.[\/vc_column_text][\/vc_tta_section][vc_tta_section title=&#8221;La formation est-elle s\u00fbre ?&#8221; tab_id=&#8221;1620032370706-5c1b6420-184f&#8221;][vc_column_text]Notre technique d&#8217;\u00e9claircissement\u00a0est l&#8217;un des traitements les plus s\u00fbrs au monde et donne\u00a0des r\u00e9sultats\u00a0excellents. Tout le monde peut apprendre cette technique pour se lancer dans le d\u00e9tatouage sans laser. Notre formulaire de consentement, qui a fait ses preuves, offre une protection compl\u00e8te pour vous et vos clients.[\/vc_column_text][\/vc_tta_section][vc_tta_section title=&#8221;Contenu&#8221; tab_id=&#8221;1620032440147-ed4bff2d-d198&#8243;][vc_column_text]<span data-contrast=\"auto\">La premi\u00e8re partie de la formation a le m\u00eame contenu que la formation FADING. Vous trouverez tous les d\u00e9tails de la formation FADING dans notre description de la formation.\u00a0<\/span><span data-ccp-props=\"{}\">\u00a0<\/span><\/p>\n<p><span data-contrast=\"auto\">La deuxi\u00e8me partie, pratique, de la formation commence par la v\u00e9rification par le formateur que vous poss\u00e9dez les connaissances de base suffisantes de la premi\u00e8re partie. Il sera ensuite disponible pour r\u00e9pondre aux questions et fournir des informations plus approfondies. Il vous pr\u00e9sente ensuite, \u00e9tape par \u00e9tape, notre m\u00e9thode DOT unique. L&#8217;accent est mis sur plusieurs exercices pratiques, ainsi que sur une importante partie BEST PRACTICE, dans laquelle nous vous transmettons notre longue exp\u00e9rience et celle du formateur, \u00e0 l&#8217;aide de nombreux exemples. La derni\u00e8re partie est un traitement d\u2019enl\u00e8vement sur un mod\u00e8le, o\u00f9 vous pouvez utiliser les deux m\u00e9thodes, la m\u00e9thode FADING et aussi la m\u00e9thode DOT, sous supervision.\u00a0<\/span><span data-ccp-props=\"{}\">\u00a0<\/span><\/p>\n<p><span data-contrast=\"auto\">Apr\u00e8s un traitement r\u00e9ussi, vous recevrez votre certificat. Le formateur confirmera ensuite votre r\u00e9ussite, apr\u00e8s quoi nous vous enverrons par e-mail le bon d&#8217;achat, votre mot de passe personnel SKINIAL et bien plus encore.\u00a0\u00a0<\/span><span data-ccp-props=\"{}\">\u00a0<\/span><\/p>\n<p><span style=\"font-family: var(--global-body-font-family);\"> Si vous avez des questions, vous pouvez nous joindre 24 heures sur 24 et 7 jours sur 7 via notre chat.<\/span><\/p>\n<p>Apr\u00e8s la formation, vous obtenez un acc\u00e8s gratuit \u00e0 la plateforme de partage d&#8217;exp\u00e9rience SKINIAL\u00a0FACEBOOK\u00a0avec des centaines de studios, une \u00e9norme biblioth\u00e8que de photos avant et apr\u00e8s, des manuels, des documents \u00e0 t\u00e9l\u00e9charger et bien plus encore.[\/vc_column_text][vc_row_inner][vc_column_inner width=&#8221;1\/3&#8243;][vc_single_image image=&#8221;58114&#8243; img_size=&#8221;medium&#8221; alignment=&#8221;center&#8221; style=&#8221;vc_box_outline&#8221;][\/vc_column_inner][vc_column_inner width=&#8221;1\/3&#8243;][vc_single_image image=&#8221;58108&#8243; img_size=&#8221;medium&#8221; alignment=&#8221;center&#8221; style=&#8221;vc_box_outline&#8221;][\/vc_column_inner][vc_column_inner width=&#8221;1\/3&#8243;][vc_single_image image=&#8221;58111&#8243; img_size=&#8221;medium&#8221; alignment=&#8221;center&#8221; style=&#8221;vc_box_outline&#8221;][\/vc_column_inner][\/vc_row_inner][\/vc_tta_section][\/vc_tta_accordion][\/vc_column][\/vc_row][vc_row][vc_column][vc_column_text]<\/p>\n<h2><strong>Le but de la formation\u00a0\u00a0<\/strong><\/h2>\n<p><span data-ccp-props=\"{}\">La formation vous permettra de traiter imm\u00e9diatement les tatouages corporels,\u00a0le\u00a0maquillages\u00a0permanents\u00a0ou le microblading, de cr\u00e9er une entreprise rentable, d&#8217;\u00e9largir votre offre existante et de vous lancer dans le secteur en plein essor de l&#8217;enl\u00e8vement\u00a0des tatouages.\u00a0 <\/span><span data-ccp-props=\"{}\">\u00a0<\/span><\/p>\n<p>Nous vous souhaitons d&#8217;ores et d\u00e9j\u00e0 beaucoup de plaisir et de succ\u00e8s.<\/p>\n<p><span data-contrast=\"auto\">Votre <\/span><span data-ccp-props=\"{}\">\u00a0<\/span><b><span data-contrast=\"auto\">SKINIAL TEAM<\/span><\/b><span data-contrast=\"auto\">\u00a0<\/span><span data-ccp-props=\"{}\">\u00a0<\/span><\/p>\n<p><b><span data-contrast=\"none\">P.S.: <\/span><\/b>Il y a encore quelque chose de pas clair ?<span data-contrast=\"none\">\u00a0\u202f<\/span><a href=\"https:\/\/widget-v4.tidiochat.com\/chat.html?kifo8soiijmmp4im7lbfts68j37cxvbe\"><span data-contrast=\"none\">Chattez<\/span><\/a><span data-contrast=\"none\">\u202f avec nous ou \u00e9crivez un\u00a0email\u00a0\u00e0 <\/span><a href=\"mailto:info@skinial.com\"><span data-contrast=\"none\">info@skinial.com<\/span><\/a><span data-contrast=\"none\">.<\/span><span data-ccp-props=\"{}\">\u00a0<\/span>[\/vc_column_text][\/vc_column][\/vc_row][vc_row][vc_column][vc_separator color=&#8221;sky&#8221; border_width=&#8221;2&#8243;][\/vc_column][\/vc_row]<\/p>\n","protected":false},"excerpt":{"rendered":"<h2 aria-level=\"2\"><strong>A qui s&#8217;adresse la formation ?\u00a0\u00a0 <\/strong><\/h2>\n<p><span data-contrast=\"auto\"><br \/>\nCertaines personnes ne sont pas tr\u00e8s dou\u00e9es pour apprendre sur l&#8217;ordinateur et ne veulent donc pas se passer d&#8217;un v\u00e9ritable formateur, surtout lorsqu&#8217;il s&#8217;agit d&#8217;enseigner des comp\u00e9tences manuelles. Pour eux, la formation <\/span><b><span data-contrast=\"auto\">BASIC &amp; PROFESSIONAL<\/span><\/b><span data-contrast=\"auto\"> est parfaite.\u00a0<\/span><span data-ccp-props=\"{}\">\u00a0<\/span><\/p>\n<p><span data-contrast=\"auto\">Cependant, notre longue exp\u00e9rience nous a \u00e9galement montr\u00e9 que la partie importante des bases en particulier n&#8217;est absorb\u00e9e et retenue que dans une moindre mesure par les participants \u00e0 une conf\u00e9rence en face \u00e0 face. Au plus tard apr\u00e8s 90 minutes, la plupart des participants perdent leur attention. Dans une pr\u00e9sentation de plusieurs heures, il n&#8217;est pas rare que moins d&#8217;un tiers du mat\u00e9riel d&#8217;apprentissage soit retenu.\u00a0<\/span><span data-ccp-props=\"{}\">\u00a0<\/span><\/p>\n<p><span data-contrast=\"auto\">Nous avons combin\u00e9 les avantages de la formation en classe avec les avantages de la formation en ligne. Vous pouvez vous familiariser avec les principes de base et les rapports de terrain \u00e0 votre guise, chez vous ou depuis n&#8217;importe quel endroit. Cela se fait par le biais d&#8217;une formation en ligne de haute qualit\u00e9 et facile \u00e0 utiliser. Bien pr\u00e9par\u00e9, vous prenez ensuite un rendez-vous individuel avec votre formateur pour apprendre de lui le m\u00e9tier de d\u00e9tatouer sur un mod\u00e8le. En divisant la formation en deux parties, le formateur peut se concentrer pleinement sur l&#8217;enseignement pratique des deux techniques d&#8217;enl\u00e8vement et r\u00e9pondre de mani\u00e8re exhaustive \u00e0 toutes vos questions.\u00a0<\/span><span data-ccp-props=\"{}\">\u00a0<\/span><\/p>\n","protected":false},"featured_media":0,"template":"","meta":{"_kadence_starter_templates_imported_post":false,"_kad_post_transparent":"default","_kad_post_title":"","_kad_post_layout":"default","_kad_post_sidebar_id":"","_kad_post_content_style":"default","_kad_post_vertical_padding":"default","_kad_post_feature":"","_kad_post_feature_position":"","_kad_post_header":false,"_kad_post_footer":false},"product_cat":[31],"product_tag":[],"class_list":{"0":"post-66832","1":"product","2":"type-product","3":"status-publish","5":"product_cat-general-fr","7":"first","8":"instock","9":"taxable","10":"shipping-taxable","11":"purchasable","12":"product-type-simple","13":"entry","14":"content-bg","15":"loop-entry"},"_links":{"self":[{"href":"https:\/\/skinial.com\/training\/fr\/wp-json\/wp\/v2\/product\/66832","targetHints":{"allow":["GET"]}}],"collection":[{"href":"https:\/\/skinial.com\/training\/fr\/wp-json\/wp\/v2\/product"}],"about":[{"href":"https:\/\/skinial.com\/training\/fr\/wp-json\/wp\/v2\/types\/product"}],"wp:attachment":[{"href":"https:\/\/skinial.com\/training\/fr\/wp-json\/wp\/v2\/media?parent=66832"}],"wp:term":[{"taxonomy":"product_cat","embeddable":true,"href":"https:\/\/skinial.com\/training\/fr\/wp-json\/wp\/v2\/product_cat?post=66832"},{"taxonomy":"product_tag","embeddable":true,"href":"https:\/\/skinial.com\/training\/fr\/wp-json\/wp\/v2\/product_tag?post=66832"}],"curies":[{"name":"wp","href":"https:\/\/api.w.org\/{rel}","templated":true}]}}