{"id":60570,"date":"2021-05-31T06:13:16","date_gmt":"2021-05-31T04:13:16","guid":{"rendered":"https:\/\/skinial.com\/training\/product\/schulung-zur-aufhellung-von-pmu-und-body-tattoos\/"},"modified":"2021-07-21T18:35:15","modified_gmt":"2021-07-21T16:35:15","slug":"skinial-basic","status":"publish","type":"product","link":"https:\/\/skinial.com\/training\/fr\/shop\/skinial-basic\/","title":{"rendered":"SKINIAL Basic (en fran\u00e7ais)"},"content":{"rendered":"<p>[vc_row][vc_column][vc_row_inner][vc_column_inner][\/vc_column_inner][\/vc_row_inner][vc_column_text]<\/p>\n<h2><span data-ccp-props=\"{}\"><strong>Co\u00fbts et dur\u00e9e de la formation ? <\/strong> <\/span><\/h2>\n<p>La formation co\u00fbte 595\u20ac (+ TVA), y compris un kit de d\u00e9marrage, qui vous sera envoy\u00e9 automatiquement. D\u00e8s que vous aurez pay\u00e9 les frais de formation, vous pourrez commencer imm\u00e9diatement. La formation dure en moyenne 12 \u00e0 15 heures et peut \u00eatre interrompue \u00e0 tout moment. Vous disposez de 20 semaines pour suivre la formation. Un traitement pratique chez un client n&#8217;est pas pr\u00e9vu au cours de cette formation et n&#8217;est pas non plus requis. Apr\u00e8s avoir termin\u00e9 le cours avec succ\u00e8s, vous recevrez votre certificat, un bon d&#8217;achat, votre mot de passe personnel SKINIAL, et bien plus encore.<\/p>\n<p><img loading=\"lazy\" decoding=\"async\" class=\"aligncenter wp-image-615 size-full\" src=\"https:\/\/skinial.com\/training\/wp-content\/uploads\/2021\/03\/Bildschirmfoto-2021-03-25-um-12.06.19.png\" alt=\"\" width=\"468\" height=\"263\" srcset=\"https:\/\/skinial.com\/training\/wp-content\/uploads\/2021\/03\/Bildschirmfoto-2021-03-25-um-12.06.19.png 468w, https:\/\/skinial.com\/training\/wp-content\/uploads\/2021\/03\/Bildschirmfoto-2021-03-25-um-12.06.19-300x169.png 300w\" sizes=\"auto, (max-width: 468px) 100vw, 468px\" \/>[\/vc_column_text][\/vc_column][\/vc_row][vc_row][vc_column][vc_tta_accordion style=&#8221;outline&#8221; color=&#8221;sky&#8221; active_section=&#8221;1&#8243;][vc_tta_section title=&#8221;Exigences&#8221; tab_id=&#8221;1620032370682-83746e20-3d0e&#8221;][vc_column_text]Tout ce dont vous avez besoin est un acc\u00e8s \u00e0 l&#8217;internet, un iPad ou un ordinateur. Un t\u00e9l\u00e9phone portable ne convient pas en raison de son petit \u00e9cran. Gr\u00e2ce \u00e0 la navigation intuitive dans le menu, la formation convient \u00e9galement aux personnes sans exp\u00e9rience avec des formations en ligne. Vous n&#8217;avez pas besoin d&#8217;un dermograph pour la formation elle-m\u00eame.[\/vc_column_text][\/vc_tta_section][vc_tta_section title=&#8221;La formation est-elle s\u00fbre ?&#8221; tab_id=&#8221;1620032370706-5c1b6420-184f&#8221;][vc_column_text]Notre technique d&#8217;\u00e9claircissement est l&#8217;un des traitements les plus s\u00fbrs au monde et donne des r\u00e9sultats excellents. Tout le monde peut apprendre cette technique pour se lancer dans le d\u00e9tatouage sans laser. Notre formulaire de consentement, qui a fait ses preuves, offre une protection compl\u00e8te pour vous et vos clients.[\/vc_column_text][\/vc_tta_section][vc_tta_section title=&#8221;Contenu&#8221; tab_id=&#8221;1620032440147-ed4bff2d-d198&#8243;][vc_column_text]En 12 chapitres (voici le plan de chaque chapitre), vous apprendrez tout ce qu&#8217;il faut savoir sur les connaissances m\u00e9dicales, juridiques et pratiques pour exercer en toute s\u00e9curit\u00e9 cette activit\u00e9 cosm\u00e9tique.<\/p>\n<p>Vous serez familiaris\u00e9 avec la technique de traitement, \u00e9tape par \u00e9tape. Le vaste mat\u00e9riel d&#8217;apprentissage vous est transmis de mani\u00e8re simple \u00e0 l&#8217;aide de nombreuses vid\u00e9os, de graphiques, de questions et r\u00e9ponses, d&#8217;exercices et de r\u00e9p\u00e9titions gr\u00e2ce aux derni\u00e8res technologies d&#8217;apprentissage en ligne. L&#8217;exp\u00e9rience pratique de plus de 10 ans de traitement dans 20 pays avec des milliers de clients a \u00e9t\u00e9 incorpor\u00e9e dans cette formation. Chaque chapitre et chaque exercice peuvent \u00eatre r\u00e9p\u00e9t\u00e9s plusieurs fois. Si vous avez des questions, vous pouvez nous joindre 24 heures sur 24 et 7 jours sur 7 via notre chat.<\/p>\n<p>Apr\u00e8s la formation, vous obtenez un acc\u00e8s gratuit \u00e0 la plateforme de partage d&#8217;exp\u00e9rience SKINIAL FACEBOOK avec des centaines de studios, une \u00e9norme biblioth\u00e8que de photos avant et apr\u00e8s, des manuels, des documents \u00e0 t\u00e9l\u00e9charger et bien plus encore.[\/vc_column_text][vc_row_inner][vc_column_inner width=&#8221;1\/3&#8243;][vc_single_image image=&#8221;58114&#8243; img_size=&#8221;medium&#8221; alignment=&#8221;center&#8221; style=&#8221;vc_box_outline&#8221;][\/vc_column_inner][vc_column_inner width=&#8221;1\/3&#8243;][vc_single_image image=&#8221;58108&#8243; img_size=&#8221;medium&#8221; alignment=&#8221;center&#8221; style=&#8221;vc_box_outline&#8221;][\/vc_column_inner][vc_column_inner width=&#8221;1\/3&#8243;][vc_single_image image=&#8221;58111&#8243; img_size=&#8221;medium&#8221; alignment=&#8221;center&#8221; style=&#8221;vc_box_outline&#8221;][\/vc_column_inner][\/vc_row_inner][\/vc_tta_section][\/vc_tta_accordion][\/vc_column][\/vc_row][vc_row][vc_column][vc_column_text]<\/p>\n<h2><strong>Le but de la formation <\/strong><\/h2>\n<p><span data-ccp-props=\"{}\">La formation vous permettra de traiter imm\u00e9diatement les tatouages corporels, le maquillages permanents ou le microblading, de cr\u00e9er une entreprise rentable, d&#8217;\u00e9largir votre offre existante et de vous lancer dans le secteur en plein essor de l&#8217;enl\u00e8vement des tatouages. <\/span><\/p>\n<p>Nous vous souhaitons d&#8217;ores et d\u00e9j\u00e0 beaucoup de plaisir et de succ\u00e8s.<\/p>\n<p><span data-contrast=\"auto\">Votre <\/span> <b><span data-contrast=\"auto\">SKINIAL TEAM<\/span><\/b><\/p>\n<p><b><span data-contrast=\"none\">P.S.: <\/span><\/b>Il y a encore quelque chose de pas clair ?<span data-contrast=\"none\"> \u202f<\/span><a href=\"https:\/\/widget-v4.tidiochat.com\/chat.html?kifo8soiijmmp4im7lbfts68j37cxvbe\"><span data-contrast=\"none\">Chattez<\/span><\/a><span data-contrast=\"none\">\u202f avec nous ou \u00e9crivez un email \u00e0 <\/span><a href=\"mailto:info@skinial.com\"><span data-contrast=\"none\">info@skinial.com<\/span><\/a><span data-contrast=\"none\">.<\/span> [\/vc_column_text][\/vc_column][\/vc_row]<\/p>\n","protected":false},"excerpt":{"rendered":"<h2 aria-level=\"2\"><strong>A qui s&#8217;adresse la formation ? <\/strong><\/h2>\n<p>La formation FADING est l&#8217;introduction id\u00e9ale au th\u00e8me du d\u00e9tatouage sans laser pour les personnes de tous les secteurs, y compris les d\u00e9butants qui ne sont pas de la branche et ou qui souhaitent d\u00e9marrer dans ce commerce. Les tatoueurs peuvent \u00e9claircir les cover-up sans affecter la peau. Les maquilleurs permanents corrigent rapidement et facilement les pigmentations l\u00e9g\u00e8res et moyennes des sourcils et des l\u00e8vres.<\/p>\n","protected":false},"featured_media":63291,"template":"","meta":{"_kadence_starter_templates_imported_post":false,"_kad_post_transparent":"default","_kad_post_title":"","_kad_post_layout":"default","_kad_post_sidebar_id":"","_kad_post_content_style":"default","_kad_post_vertical_padding":"default","_kad_post_feature":"","_kad_post_feature_position":"","_kad_post_header":false,"_kad_post_footer":false},"product_cat":[42],"product_tag":[],"class_list":{"0":"post-60570","1":"product","2":"type-product","3":"status-publish","4":"has-post-thumbnail","6":"product_cat-basic-fr","8":"first","9":"instock","10":"virtual","11":"sold-individually","12":"taxable","13":"purchasable","14":"product-type-course","15":"entry","16":"content-bg","17":"loop-entry"},"_links":{"self":[{"href":"https:\/\/skinial.com\/training\/fr\/wp-json\/wp\/v2\/product\/60570","targetHints":{"allow":["GET"]}}],"collection":[{"href":"https:\/\/skinial.com\/training\/fr\/wp-json\/wp\/v2\/product"}],"about":[{"href":"https:\/\/skinial.com\/training\/fr\/wp-json\/wp\/v2\/types\/product"}],"wp:featuredmedia":[{"embeddable":true,"href":"https:\/\/skinial.com\/training\/fr\/wp-json\/wp\/v2\/media\/63291"}],"wp:attachment":[{"href":"https:\/\/skinial.com\/training\/fr\/wp-json\/wp\/v2\/media?parent=60570"}],"wp:term":[{"taxonomy":"product_cat","embeddable":true,"href":"https:\/\/skinial.com\/training\/fr\/wp-json\/wp\/v2\/product_cat?post=60570"},{"taxonomy":"product_tag","embeddable":true,"href":"https:\/\/skinial.com\/training\/fr\/wp-json\/wp\/v2\/product_tag?post=60570"}],"curies":[{"name":"wp","href":"https:\/\/api.w.org\/{rel}","templated":true}]}}