{"id":66836,"date":"2021-09-22T10:19:42","date_gmt":"2021-09-22T08:19:42","guid":{"rendered":"https:\/\/skinial.com\/training\/?post_type=product&#038;p=66836"},"modified":"2021-12-22T06:33:14","modified_gmt":"2021-12-22T05:33:14","slug":"basic-professional-offline-deutsch","status":"publish","type":"product","link":"https:\/\/skinial.com\/training\/de\/shop\/basic-professional-offline-deutsch\/","title":{"rendered":"Basic + Professional Offline (Deutsch)"},"content":{"rendered":"<p>[vc_row][vc_column][vc_row_inner][vc_column_inner][\/vc_column_inner][\/vc_row_inner][vc_column_text]<\/p>\n<h2 aria-level=\"2\"><b><span data-contrast=\"none\">F\u00fcr wen ist die Schulung geeignet?<\/span><\/b><b><span data-contrast=\"none\">\u00a0<\/span><\/b><span data-ccp-props=\"{&quot;134233117&quot;:true,&quot;134233118&quot;:true,&quot;201341983&quot;:2,&quot;335559740&quot;:384}\">\u00a0<\/span><\/h2>\n<p><span data-contrast=\"auto\"><img loading=\"lazy\" decoding=\"async\" class=\"size-medium wp-image-66029 alignright\" src=\"https:\/\/skinial.com\/training\/wp-content\/uploads\/2021\/05\/7D32A401-5BEF-40E5-BD0A-937B87AE0137-300x212.png\" alt=\"\" width=\"300\" height=\"212\" srcset=\"https:\/\/skinial.com\/training\/wp-content\/uploads\/2021\/05\/7D32A401-5BEF-40E5-BD0A-937B87AE0137-300x212.png 300w, https:\/\/skinial.com\/training\/wp-content\/uploads\/2021\/05\/7D32A401-5BEF-40E5-BD0A-937B87AE0137-1024x724.png 1024w, https:\/\/skinial.com\/training\/wp-content\/uploads\/2021\/05\/7D32A401-5BEF-40E5-BD0A-937B87AE0137-768x543.png 768w, https:\/\/skinial.com\/training\/wp-content\/uploads\/2021\/05\/7D32A401-5BEF-40E5-BD0A-937B87AE0137-1536x1086.png 1536w, https:\/\/skinial.com\/training\/wp-content\/uploads\/2021\/05\/7D32A401-5BEF-40E5-BD0A-937B87AE0137-2048x1448.png 2048w, https:\/\/skinial.com\/training\/wp-content\/uploads\/2021\/05\/7D32A401-5BEF-40E5-BD0A-937B87AE0137-600x424.png 600w\" sizes=\"auto, (max-width: 300px) 100vw, 300px\" \/>Manche Menschen k\u00f6nnen am Computer nicht so gut lernen, deshalb wollen sie, insbesondere bei der Vermittlung handwerklicher F\u00e4higkeiten, auf einen echten Trainer nicht verzichten. F\u00fcr sie ist die BASIC &amp; PROFESSIONAL Schulung perfekt geeignet.\u00a0<\/span><span data-ccp-props=\"{}\">\u00a0<\/span><\/p>\n<p><span data-contrast=\"auto\">Unsere langj\u00e4hrige Erfahrung hat uns aber auch gezeigt, dass insbesondere der wichtige Teil der Grundlagen von Teilnehmern in einem Pr\u00e4senz-Vortrag nur zu einem kleineren Teil aufgenommen und behalten wird. Nach sp\u00e4testens 90 Minuten verlieren die meisten Teilnehmer die Aufmerksamkeit. Bei einer mehrst\u00fcndigen Pr\u00e4sentation bleibt nicht selten weniger als 1\/3 des Lernstoffs in Erinnerung.\u00a0<\/span><span data-ccp-props=\"{}\">\u00a0<\/span><\/p>\n<p><span data-contrast=\"auto\">Wir haben die Vorteile einer Pr\u00e4senzschulung und die Vorteile einer online Schulung kombiniert. Sie k\u00f6nnen sich zuhause oder von jedem Ort aus in aller Ruhe mit den Grundlagen und den Erfahrungsberichten vertraut machen. Dies geschieht durch eine hochwertige und einfach zu bedienende E-Learning-Schulung. Gut vorbereitet vereinbaren Sie danach einen individuellen Termin mit Ihrem Trainer, um von ihm das Handwerk der Tattooentfernung an einem Modell zu erlernen. Durch die Zweiteilung kann sich der Trainer voll auf die praktische Vermittlung der beiden Entfernungstechniken konzentrieren und ihnen alle Fragen umfassend beantworten.\u00a0<\/span><span data-ccp-props=\"{}\">\u00a0<\/span><\/p>\n<p><span data-ccp-props=\"{&quot;134233117&quot;:true,&quot;134233118&quot;:true}\">\u00a0<\/span><\/p>\n<h2><b><span data-contrast=\"none\">Kosten und Dauer der Schulung?\u00a0<\/span><\/b><span data-ccp-props=\"{}\">\u00a0<\/span><\/h2>\n<p><span data-contrast=\"none\">Die kombinierte BASIC &amp; PROFESSIONAL Schulung kostet 1.590\u20ac (netto) inkl. eines Starter Kits, das Sie von Ihrem Trainer zu Beginn des praktischen Teils der Schulung ausgeh\u00e4ndigt bekommen. Unmittelbar nach der Zahlung der Schulungsgeb\u00fchr, k\u00f6nnen Sie sofort mit dem Studium der Grundlagen und der Theorie beginnen.\u00a0<\/span><span data-ccp-props=\"{}\">\u00a0<\/span><\/p>\n<p><span data-contrast=\"none\">F\u00fcr den ersten Teil der Schulung m\u00fcssen Sie mit ca. 12-15 Stunden rechnen. Sie haben daf\u00fcr 20 Wochen Zeit. Sie k\u00f6nnen die E-Learning Schulung so oft Sie w\u00fcnschen unterbrechen und wieder fortsetzten.\u00a0<\/span><span data-ccp-props=\"{}\">\u00a0<\/span><\/p>\n<p><span data-contrast=\"none\">Nach Abschluss des ersten Teils und erfolgreichem Zwischentest setzten Sie sich bitte mit Ihrem Trainer in Verbindung und vereinbaren einen individuellen Termin f\u00fcr den praktischen Teil der Schulung. Dieser dauert einen ganzen Tag.\u00a0<\/span><span data-ccp-props=\"{}\">\u00a0<\/span><\/p>\n<p><span data-ccp-props=\"{}\">\u00a0<\/span><\/p>\n<p><img loading=\"lazy\" decoding=\"async\" class=\"aligncenter wp-image-66033 size-large\" src=\"https:\/\/skinial.com\/training\/wp-content\/uploads\/2021\/05\/B585D077-187B-4D60-B00E-92E90C04FFC5-1024x576.png\" alt=\"\" width=\"1024\" height=\"576\" srcset=\"https:\/\/skinial.com\/training\/wp-content\/uploads\/2021\/05\/B585D077-187B-4D60-B00E-92E90C04FFC5-1024x576.png 1024w, https:\/\/skinial.com\/training\/wp-content\/uploads\/2021\/05\/B585D077-187B-4D60-B00E-92E90C04FFC5-300x169.png 300w, https:\/\/skinial.com\/training\/wp-content\/uploads\/2021\/05\/B585D077-187B-4D60-B00E-92E90C04FFC5-768x432.png 768w, https:\/\/skinial.com\/training\/wp-content\/uploads\/2021\/05\/B585D077-187B-4D60-B00E-92E90C04FFC5-1536x864.png 1536w, https:\/\/skinial.com\/training\/wp-content\/uploads\/2021\/05\/B585D077-187B-4D60-B00E-92E90C04FFC5-600x338.png 600w, https:\/\/skinial.com\/training\/wp-content\/uploads\/2021\/05\/B585D077-187B-4D60-B00E-92E90C04FFC5.png 1920w\" sizes=\"auto, (max-width: 1024px) 100vw, 1024px\" \/>[\/vc_column_text][\/vc_column][\/vc_row][vc_row][vc_column][vc_tta_accordion style=&#8221;outline&#8221; color=&#8221;sky&#8221; active_section=&#8221;1&#8243;][vc_tta_section title=&#8221;Voraussetzungen&#8221; tab_id=&#8221;1620032370682-83746e20-3d0e&#8221;][vc_column_text]<span class=\"TextRun SCXW93872258 BCX4\" lang=\"DE-DE\" xml:lang=\"DE-DE\" data-contrast=\"none\"><span class=\"NormalTextRun SCXW93872258 BCX4\" data-ccp-parastyle=\"Normal (Web)\">Sie ben\u00f6tigen lediglich einen Internetzugang, ein iPad oder PC. Ein Handy ist aufgrund des kleinen Bildschirms nicht geeignet. Durch die intuitive Men\u00fcf\u00fchrung ist die Schulung auch f\u00fcr Personen ohne online Erfahrung geeignet. F\u00fcr die Schulung selbst ben\u00f6tigen Sie kein Entfernungsger\u00e4t.\u00a0<\/span><\/span><span class=\"EOP SCXW93872258 BCX4\" data-ccp-props=\"{&quot;134233117&quot;:true,&quot;134233118&quot;:true}\">\u00a0<\/span>[\/vc_column_text][\/vc_tta_section][vc_tta_section title=&#8221;Wie sicher ist die Schulung?&#8221; tab_id=&#8221;1620032370706-5c1b6420-184f&#8221;][vc_column_text]<span class=\"TextRun SCXW109443834 BCX4\" lang=\"DE-DE\" xml:lang=\"DE-DE\" data-contrast=\"auto\"><span class=\"NormalTextRun SCXW109443834 BCX4\">Unsere AUFHELLUNGS-Technik ist eine der sichersten Behandlungen weltweit und erbringt \u00fcberraschend gute Ergebnisse. Jeder kann diese Technik erlernen und damit den Einstieg in die Tattooentfernung ohne Laser beginnen. <\/span><\/span><span class=\"TextRun SCXW109443834 BCX4\" lang=\"DE-DE\" xml:lang=\"DE-DE\" data-contrast=\"auto\"><span class=\"NormalTextRun SCXW109443834 BCX4\">Unsere bew\u00e4hrte Einverst\u00e4ndniserkl\u00e4rung sichert Sie und Ihre Kunden <\/span><\/span><span class=\"TextRun SCXW109443834 BCX4\" lang=\"DE-DE\" xml:lang=\"DE-DE\" data-contrast=\"auto\"><span class=\"NormalTextRun SCXW109443834 BCX4\">umfassend<\/span><\/span><span class=\"TextRun SCXW109443834 BCX4\" lang=\"DE-DE\" xml:lang=\"DE-DE\" data-contrast=\"auto\"><span class=\"NormalTextRun SCXW109443834 BCX4\"> ab.\u00a0<\/span><\/span><span class=\"EOP SCXW109443834 BCX4\" data-ccp-props=\"{}\">\u00a0<\/span>[\/vc_column_text][\/vc_tta_section][vc_tta_section title=&#8221;Inhalt&#8221; tab_id=&#8221;1620032440147-ed4bff2d-d198&#8243;][vc_column_text]<span data-contrast=\"none\">Der <\/span><b><span data-contrast=\"none\">erste Teil <\/span><\/b><span data-contrast=\"none\">der Schulung hat den gleichen Inhalt wie die <\/span><b><span data-contrast=\"none\">FADING Schulung<\/span><\/b><span data-contrast=\"none\">. Sie finden alle Details der FADING Schulung in unserer Beschreibung der Schulung.\u00a0<\/span><span data-ccp-props=\"{}\">\u00a0<\/span><span data-ccp-props=\"{}\">\u00a0<\/span><\/p>\n<p><span data-contrast=\"none\">Der zweite, <\/span><b><span data-contrast=\"none\">praktische Teil<\/span><\/b><span data-contrast=\"none\"> der Schulung beginnt damit, dass der Trainer \u00fcberpr\u00fcft, ob Sie \u00fcber ausreichendes Grundlagenwissen des ersten Teils verf\u00fcgen. Er steht danach f\u00fcr Fragen und Vertiefungen zur Verf\u00fcgung. Im Anschluss daran f\u00fchrt er Sie schrittweise in unsere einzigartige\u202f<\/span><b><span data-contrast=\"none\">DOT-Methode<\/span><\/b><span data-contrast=\"none\">\u202fein. Dabei stehen mehrere praktische \u00dcbungen, im Mittelpunkt, sowie ein gro\u00dfer BEST PRACTICE Teil, in dem wir Ihnen unsere langj\u00e4hrige Erfahrung und auch die des Trainers anhand vieler Beispiele vermitteln. Der Abschluss bildet eine <\/span><b><span data-contrast=\"none\">Entfernungsbehandlung an einem Modell<\/span><\/b><span data-contrast=\"none\">, wobei Sie beide Methoden, die FADING Methode und auch die DOT-Methode, unter Aufsicht anwenden k\u00f6nnen.\u00a0<\/span><span data-ccp-props=\"{&quot;134233117&quot;:true,&quot;134233118&quot;:true,&quot;335559739&quot;:300}\">\u00a0<\/span><\/p>\n<p><span data-contrast=\"none\">Nach erfolgreicher Behandlung erhalten Sie Ihr <\/span><b><span data-contrast=\"none\">Zertifikat<\/span><\/b><span data-contrast=\"none\">. Der Trainer best\u00e4tigt uns dann Ihren Erfolg, worauf wir Ihnen per E-Mail den Einkaufsgutschein, Ihr pers\u00f6nliches SKINIAL Passwort und vieles\u202fmehr zusenden.\u202f\u202f<\/span><span data-ccp-props=\"{&quot;134233117&quot;:true,&quot;134233118&quot;:true,&quot;335559739&quot;:300}\">\u00a0<\/span>[\/vc_column_text][vc_row_inner][vc_column_inner width=&#8221;1\/3&#8243;][vc_single_image image=&#8221;1848&#8243; img_size=&#8221;medium&#8221; alignment=&#8221;center&#8221; style=&#8221;vc_box_outline&#8221;][\/vc_column_inner][vc_column_inner width=&#8221;1\/3&#8243;][vc_single_image image=&#8221;1842&#8243; img_size=&#8221;medium&#8221; alignment=&#8221;center&#8221; style=&#8221;vc_box_outline&#8221;][\/vc_column_inner][vc_column_inner width=&#8221;1\/3&#8243;][vc_single_image image=&#8221;1845&#8243; img_size=&#8221;medium&#8221; alignment=&#8221;center&#8221; style=&#8221;vc_box_outline&#8221;][\/vc_column_inner][\/vc_row_inner][\/vc_tta_section][\/vc_tta_accordion][\/vc_column][\/vc_row][vc_row][vc_column][vc_column_text]<\/p>\n<h2><b><span data-contrast=\"none\">Das <\/span><\/b><b><span data-contrast=\"none\">Ziel der Schulung\u00a0<\/span><\/b><\/h2>\n<p><span data-contrast=\"auto\">Die Schulung <\/span><span data-contrast=\"auto\">wird Sie <\/span><span data-contrast=\"auto\">bef\u00e4hig<\/span><span data-contrast=\"auto\">en<\/span> <span data-contrast=\"auto\">unmittelbar <\/span><span data-contrast=\"auto\">K\u00f6rper Tattoos, PMU oder <\/span><span data-contrast=\"auto\">Mikroblading<\/span><span data-contrast=\"auto\"> zu behandeln<\/span><span data-contrast=\"auto\">, ein profitables Gesch\u00e4ft aufzubauen<\/span><span data-contrast=\"auto\">,<\/span> <span data-contrast=\"auto\">Ihr bestehendes Angebot zu erweitern <\/span><span data-contrast=\"auto\">und in das boomende Gesch\u00e4ft der Tattooentfernung einzusteigen<\/span><span data-contrast=\"auto\">.<\/span><span data-ccp-props=\"{}\">\u00a0<\/span><span data-ccp-props=\"{}\">\u00a0<\/span><\/p>\n<p><span data-contrast=\"auto\">Wir w\u00fcnschen Ihnen jetzt schon viel Spa\u00df<\/span><span data-contrast=\"auto\"> und viel Erfolg<\/span><span data-ccp-props=\"{}\">\u00a0<\/span><\/p>\n<p><span data-contrast=\"auto\">Ihr\u00a0<\/span><span data-ccp-props=\"{}\">\u00a0<\/span><b><span data-contrast=\"auto\">SKINIAL TEAM<\/span><\/b><span data-contrast=\"auto\">\u00a0<\/span><span data-ccp-props=\"{}\">\u00a0<\/span><\/p>\n<p><b><span data-contrast=\"none\">P.S.: <\/span><\/b><span data-contrast=\"none\">Ist noch was unklar<\/span><span data-contrast=\"none\">? \u202f<\/span><a href=\"https:\/\/widget-v4.tidiochat.com\/chat.html?kifo8soiijmmp4im7lbfts68j37cxvbe\"><span data-contrast=\"none\">Chatten<\/span><\/a><span data-contrast=\"none\">\u202f Sie mit uns oder schreiben Sie eine E-Mail an\u202f <\/span><a href=\"mailto:info@skinial.com\"><span data-contrast=\"none\">info@skinial.com<\/span><\/a><span data-contrast=\"none\">.<\/span><span data-ccp-props=\"{}\">\u00a0<\/span>[\/vc_column_text][\/vc_column][\/vc_row][vc_row][vc_column][vc_separator color=&#8221;sky&#8221; border_width=&#8221;2&#8243;][\/vc_column][\/vc_row]<\/p>\n","protected":false},"excerpt":{"rendered":"<h2 aria-level=\"2\"><b><span data-contrast=\"none\">F\u00fcr wen ist die Schulung geeignet?<\/span><\/b><b><span data-contrast=\"none\">\u00a0<\/span><\/b><span data-ccp-props=\"{&quot;134233117&quot;:true,&quot;134233118&quot;:true,&quot;201341983&quot;:2,&quot;335559740&quot;:384}\">\u00a0<\/span><\/h2>\n<p><span data-contrast=\"auto\"><img loading=\"lazy\" decoding=\"async\" class=\"size-medium wp-image-66029 alignright\" src=\"https:\/\/skinial.com\/training\/wp-content\/uploads\/2021\/05\/7D32A401-5BEF-40E5-BD0A-937B87AE0137-300x212.png\" alt=\"\" width=\"300\" height=\"212\" srcset=\"https:\/\/skinial.com\/training\/wp-content\/uploads\/2021\/05\/7D32A401-5BEF-40E5-BD0A-937B87AE0137-300x212.png 300w, https:\/\/skinial.com\/training\/wp-content\/uploads\/2021\/05\/7D32A401-5BEF-40E5-BD0A-937B87AE0137-1024x724.png 1024w, https:\/\/skinial.com\/training\/wp-content\/uploads\/2021\/05\/7D32A401-5BEF-40E5-BD0A-937B87AE0137-768x543.png 768w, https:\/\/skinial.com\/training\/wp-content\/uploads\/2021\/05\/7D32A401-5BEF-40E5-BD0A-937B87AE0137-1536x1086.png 1536w, https:\/\/skinial.com\/training\/wp-content\/uploads\/2021\/05\/7D32A401-5BEF-40E5-BD0A-937B87AE0137-2048x1448.png 2048w, https:\/\/skinial.com\/training\/wp-content\/uploads\/2021\/05\/7D32A401-5BEF-40E5-BD0A-937B87AE0137-600x424.png 600w\" sizes=\"auto, (max-width: 300px) 100vw, 300px\" \/>Manche Menschen k\u00f6nnen am Computer nicht so gut lernen, deshalb wollen sie, insbesondere bei der Vermittlung handwerklicher F\u00e4higkeiten, auf einen echten Trainer nicht verzichten. F\u00fcr sie ist die BASIC &amp; PROFESSIONAL Schulung perfekt geeignet.\u00a0<\/span><span data-ccp-props=\"{}\">\u00a0<\/span><\/p>\n<p><span data-contrast=\"auto\">Unsere langj\u00e4hrige Erfahrung hat uns aber auch gezeigt, dass insbesondere der wichtige Teil der Grundlagen von Teilnehmern in einem Pr\u00e4senz-Vortrag nur zu einem kleineren Teil aufgenommen und behalten wird. Nach sp\u00e4testens 90 Minuten verlieren die meisten Teilnehmer die Aufmerksamkeit. Bei einer mehrst\u00fcndigen Pr\u00e4sentation bleibt nicht selten weniger als 1\/3 des Lernstoffs in Erinnerung.\u00a0<\/span><span data-ccp-props=\"{}\">\u00a0<\/span><\/p>\n<p><span data-contrast=\"auto\">Wir haben die Vorteile einer Pr\u00e4senzschulung und die Vorteile einer online Schulung kombiniert. Sie k\u00f6nnen sich zuhause oder von jedem Ort aus in aller Ruhe mit den Grundlagen und den Erfahrungsberichten vertraut machen. Dies geschieht durch eine hochwertige und einfach zu bedienende E-Learning-Schulung. Gut vorbereitet vereinbaren Sie danach einen individuellen Termin mit Ihrem Trainer, um von ihm das Handwerk der Tattooentfernung an einem Modell zu erlernen. Durch die Zweiteilung kann sich der Trainer voll auf die praktische Vermittlung der beiden Entfernungstechniken konzentrieren und ihnen alle Fragen umfassend beantworten.\u00a0<\/span><span data-ccp-props=\"{}\">\u00a0<\/span><\/p>\n","protected":false},"featured_media":0,"template":"","meta":{"_kadence_starter_templates_imported_post":false,"_kad_post_transparent":"default","_kad_post_title":"","_kad_post_layout":"default","_kad_post_sidebar_id":"","_kad_post_content_style":"default","_kad_post_vertical_padding":"default","_kad_post_feature":"","_kad_post_feature_position":"","_kad_post_header":false,"_kad_post_footer":false},"product_cat":[32],"product_tag":[],"class_list":{"0":"post-66836","1":"product","2":"type-product","3":"status-publish","5":"product_cat-general-de","7":"first","8":"instock","9":"taxable","10":"shipping-taxable","11":"purchasable","12":"product-type-simple","13":"entry","14":"content-bg","15":"loop-entry"},"_links":{"self":[{"href":"https:\/\/skinial.com\/training\/de\/wp-json\/wp\/v2\/product\/66836","targetHints":{"allow":["GET"]}}],"collection":[{"href":"https:\/\/skinial.com\/training\/de\/wp-json\/wp\/v2\/product"}],"about":[{"href":"https:\/\/skinial.com\/training\/de\/wp-json\/wp\/v2\/types\/product"}],"wp:attachment":[{"href":"https:\/\/skinial.com\/training\/de\/wp-json\/wp\/v2\/media?parent=66836"}],"wp:term":[{"taxonomy":"product_cat","embeddable":true,"href":"https:\/\/skinial.com\/training\/de\/wp-json\/wp\/v2\/product_cat?post=66836"},{"taxonomy":"product_tag","embeddable":true,"href":"https:\/\/skinial.com\/training\/de\/wp-json\/wp\/v2\/product_tag?post=66836"}],"curies":[{"name":"wp","href":"https:\/\/api.w.org\/{rel}","templated":true}]}}