{"id":66059,"date":"2021-09-20T12:20:08","date_gmt":"2021-09-20T10:20:08","guid":{"rendered":"https:\/\/skinial.com\/training\/?post_type=product&#038;p=66059"},"modified":"2021-12-22T06:35:01","modified_gmt":"2021-12-22T05:35:01","slug":"skinial-professional-deutsch","status":"publish","type":"product","link":"https:\/\/skinial.com\/training\/de\/shop\/skinial-professional-deutsch\/","title":{"rendered":"SKINIAL Professional (deutsch)"},"content":{"rendered":"<p>[vc_row][vc_column][vc_row_inner][vc_column_inner][\/vc_column_inner][\/vc_row_inner][vc_column_text]<\/p>\n<h2 aria-level=\"2\"><img loading=\"lazy\" decoding=\"async\" class=\"alignright wp-image-66029 size-medium\" src=\"https:\/\/skinial.com\/training\/wp-content\/uploads\/2021\/05\/7D32A401-5BEF-40E5-BD0A-937B87AE0137-300x212.png\" alt=\"\" width=\"300\" height=\"212\" srcset=\"https:\/\/skinial.com\/training\/wp-content\/uploads\/2021\/05\/7D32A401-5BEF-40E5-BD0A-937B87AE0137-300x212.png 300w, https:\/\/skinial.com\/training\/wp-content\/uploads\/2021\/05\/7D32A401-5BEF-40E5-BD0A-937B87AE0137-1024x724.png 1024w, https:\/\/skinial.com\/training\/wp-content\/uploads\/2021\/05\/7D32A401-5BEF-40E5-BD0A-937B87AE0137-768x543.png 768w, https:\/\/skinial.com\/training\/wp-content\/uploads\/2021\/05\/7D32A401-5BEF-40E5-BD0A-937B87AE0137-1536x1086.png 1536w, https:\/\/skinial.com\/training\/wp-content\/uploads\/2021\/05\/7D32A401-5BEF-40E5-BD0A-937B87AE0137-2048x1448.png 2048w, https:\/\/skinial.com\/training\/wp-content\/uploads\/2021\/05\/7D32A401-5BEF-40E5-BD0A-937B87AE0137-600x424.png 600w\" sizes=\"auto, (max-width: 300px) 100vw, 300px\" \/><b><span data-contrast=\"none\">F\u00fcr wen ist die Schulung geeignet?<\/span><\/b><b><span data-contrast=\"none\">\u00a0<\/span><\/b><span data-ccp-props=\"{&quot;134233117&quot;:true,&quot;134233118&quot;:true,&quot;201341983&quot;:2,&quot;335559740&quot;:384}\">\u00a0<\/span><\/h2>\n<p>Wenn Sie die Grundlagen perfekt beherrschen und bereits etwas Erfahrung mit der FADING Technik gemacht haben, k\u00f6nnen Sie auch die exklusive und patentierte Technik der Sofortentfernung mittels der <strong>DOT-Technik<\/strong> erlernen, um die h\u00f6chste Perfektion bei der Tattooentfernung zu erlangen. Diese Technik erm\u00f6glicht es Ihnen nahezu jede Pigmentierung sofort vollst\u00e4ndig zu entfernen. Die Technik ist anspruchsvoller als die FADING Technik. Bevor sie das professionelle Level buchen m\u00fcssen Sie die FADING Methode und die Grundlagen absolviert haben. Die <strong>DOT-Methode<\/strong> sollte nur von guten Technikern und erfahrenen Studios angewandt werden, die bereits Erfahrung mit der FADING Technik gesammelt haben.<\/p>\n<p>Die Schulung wiederholt und vertieft Ihres Wissens \u00fcber die FADING Technik und f\u00fchrt Sie schrittweise in unsere einzigartige <strong>DOT-Methode<\/strong> ein. Dabei stehen praktischen \u00dcbungen im Mittelpunkt, sowie ein gro\u00dfer BEST PRACTICE Teil, in dem wir Ihnen unsere langj\u00e4hrige Erfahrung anhand vieler Beispiele vermitteln. Der Abschluss bildet eine oder mehrere praktische Entfernungsbehandlungen an Modellen. Die Gliederung der Schulung finden Sie unten.<\/p>\n<p><span class=\"TextRun SCXW184109907 BCX4\" lang=\"DE-DE\" xml:lang=\"DE-DE\" data-contrast=\"none\"><span class=\"NormalTextRun SCXW184109907 BCX4\" data-ccp-parastyle=\"Normal (Web)\">Diese Technik erm\u00f6glicht es Ihnen nahezu jede Pigmentierung sofort vollst\u00e4ndig zu entfernen. Die Technik ist anspruchsvoller als die FADING Technik. Bevor sie das professionelle Level buchen m\u00fcssen Sie die FADING Methode und die Grundlagen absolviert haben.\u00a0<\/span><\/span><span class=\"EOP SCXW184109907 BCX4\" data-ccp-props=\"{&quot;134233117&quot;:true,&quot;134233118&quot;:true,&quot;335559739&quot;:300}\">\u00a0<\/span><\/p>\n<p><span data-ccp-props=\"{&quot;134233117&quot;:true,&quot;134233118&quot;:true}\">\u00a0<\/span><\/p>\n<h2><b><span data-contrast=\"none\">Kosten und Dauer der Schulung?\u00a0<\/span><\/b><span data-ccp-props=\"{}\">\u00a0<\/span><\/h2>\n<p><span class=\"TextRun SCXW136688608 BCX4\" lang=\"DE-DE\" xml:lang=\"DE-DE\" data-contrast=\"none\"><span class=\"NormalTextRun SCXW136688608 BCX4\">Die Schulung kostet 695\u20ac (netto) inkl. eines Starter Kits, das Ihnen automatisch zugeschickt wird. Unmittelbar nach der Zahlung der Schulungsgeb\u00fchr k\u00f6nnen Sie sofort loslegen. Durchschnittlich dauert die Schulung, die Sie jederzeit unterbrechen k\u00f6nnen, 30-40 Stunden. Sie haben 20 Wochen Zeit die Schulung zu beenden.\u00a0<\/span><\/span><span class=\"EOP SCXW136688608 BCX4\" data-ccp-props=\"{}\">\u00a0<\/span><\/p>\n<p><img loading=\"lazy\" decoding=\"async\" class=\"aligncenter wp-image-66033 size-large\" src=\"https:\/\/skinial.com\/training\/wp-content\/uploads\/2021\/05\/B585D077-187B-4D60-B00E-92E90C04FFC5-1024x576.png\" alt=\"\" width=\"1024\" height=\"576\" srcset=\"https:\/\/skinial.com\/training\/wp-content\/uploads\/2021\/05\/B585D077-187B-4D60-B00E-92E90C04FFC5-1024x576.png 1024w, https:\/\/skinial.com\/training\/wp-content\/uploads\/2021\/05\/B585D077-187B-4D60-B00E-92E90C04FFC5-300x169.png 300w, https:\/\/skinial.com\/training\/wp-content\/uploads\/2021\/05\/B585D077-187B-4D60-B00E-92E90C04FFC5-768x432.png 768w, https:\/\/skinial.com\/training\/wp-content\/uploads\/2021\/05\/B585D077-187B-4D60-B00E-92E90C04FFC5-1536x864.png 1536w, https:\/\/skinial.com\/training\/wp-content\/uploads\/2021\/05\/B585D077-187B-4D60-B00E-92E90C04FFC5-600x338.png 600w, https:\/\/skinial.com\/training\/wp-content\/uploads\/2021\/05\/B585D077-187B-4D60-B00E-92E90C04FFC5.png 1920w\" sizes=\"auto, (max-width: 1024px) 100vw, 1024px\" \/>[\/vc_column_text][\/vc_column][\/vc_row][vc_row][vc_column][vc_tta_accordion style=&#8221;outline&#8221; color=&#8221;sky&#8221; active_section=&#8221;1&#8243;][vc_tta_section title=&#8221;Voraussetzungen&#8221; tab_id=&#8221;1620032370682-83746e20-3d0e&#8221;][vc_column_text]<span class=\"TextRun SCXW93872258 BCX4\" lang=\"DE-DE\" xml:lang=\"DE-DE\" data-contrast=\"none\"><span class=\"NormalTextRun SCXW93872258 BCX4\" data-ccp-parastyle=\"Normal (Web)\">Sie ben\u00f6tigen lediglich einen Internetzugang, ein iPad oder PC. Ein Handy ist aufgrund des kleinen Bildschirms nicht geeignet. Durch die intuitive Men\u00fcf\u00fchrung ist die Schulung auch f\u00fcr Personen ohne online Erfahrung geeignet. F\u00fcr die Schulung selbst ben\u00f6tigen Sie kein Entfernungsger\u00e4t.\u00a0<\/span><\/span><span class=\"EOP SCXW93872258 BCX4\" data-ccp-props=\"{&quot;134233117&quot;:true,&quot;134233118&quot;:true}\">\u00a0<\/span>[\/vc_column_text][\/vc_tta_section][vc_tta_section title=&#8221;Wie sicher ist die Schulung?&#8221; tab_id=&#8221;1620032370706-5c1b6420-184f&#8221;][vc_column_text]<span class=\"TextRun SCXW109443834 BCX4\" lang=\"DE-DE\" xml:lang=\"DE-DE\" data-contrast=\"auto\"><span class=\"NormalTextRun SCXW109443834 BCX4\">Unsere ENTFERNUNGS-Technik ist eine der sichersten Behandlungen weltweit und erbringt \u00fcberraschend gute Ergebnisse. Jeder, der vorher unsere BASIC Schulung (Schulung zur Aufhellung) erfolgreich abgeschlossen hat, kann diese Technik erlernen. <\/span><\/span><span class=\"TextRun SCXW109443834 BCX4\" lang=\"DE-DE\" xml:lang=\"DE-DE\" data-contrast=\"auto\"><span class=\"NormalTextRun SCXW109443834 BCX4\">Unsere bew\u00e4hrte Einverst\u00e4ndniserkl\u00e4rung sichert Sie und Ihre Kunden <\/span><\/span><span class=\"TextRun SCXW109443834 BCX4\" lang=\"DE-DE\" xml:lang=\"DE-DE\" data-contrast=\"auto\"><span class=\"NormalTextRun SCXW109443834 BCX4\">umfassend<\/span><\/span><span class=\"TextRun SCXW109443834 BCX4\" lang=\"DE-DE\" xml:lang=\"DE-DE\" data-contrast=\"auto\"><span class=\"NormalTextRun SCXW109443834 BCX4\"> ab.\u00a0<\/span><\/span><span class=\"EOP SCXW109443834 BCX4\" data-ccp-props=\"{}\">\u00a0<\/span>[\/vc_column_text][\/vc_tta_section][vc_tta_section title=&#8221;Inhalt&#8221; tab_id=&#8221;1620032440147-ed4bff2d-d198&#8243;][vc_column_text]<span data-contrast=\"none\">Die Schulung wiederholt und vertieft Ihres Wissens \u00fcber die FADING Technik und f\u00fchrt Sie schrittweise in unsere einzigartige\u202f<\/span><b><span data-contrast=\"none\">DOT-Methode<\/span><\/b><span data-contrast=\"none\">\u202fein. Dabei stehen praktischen \u00dcbungen, die teilweise einem online Trainer zuschicken m\u00fcssen und die korrigiert an Sie zur\u00fcck gehen, im Mittelpunkt, sowie ein gro\u00dfer BEST PRACTICE Teil, in dem wir Ihnen unsere langj\u00e4hrige Erfahrung anhand vieler Beispiele vermitteln. Der Abschluss bildet eine Entfernungsbehandlungen an Ihrem ersten Kunden. Das Ergebnis senden Sie uns, bevor wir Sie freigeben.\u00a0<\/span><span data-ccp-props=\"{&quot;134233117&quot;:true,&quot;134233118&quot;:true,&quot;335559739&quot;:300}\">\u00a0<\/span><\/p>\n<p><span data-contrast=\"none\">Die Gliederung der Schulung mit den einzelnen Lektionen finden Sie unten. <\/span><span data-contrast=\"none\">Nach erfolgreicher Abschlusspr\u00fcfung und einem guten Behandlungsergebnis, erhalten Sie Ihr Zertifikat, einen Einkaufsgutschein, Ihr pers\u00f6nliches SKINIAL Passwort, sowie vieles\u202fmehr.\u202f\u202f<\/span><span data-ccp-props=\"{&quot;134233117&quot;:true,&quot;134233118&quot;:true,&quot;335559739&quot;:300}\">\u00a0<\/span>[\/vc_column_text][vc_row_inner][vc_column_inner width=&#8221;1\/3&#8243;][vc_single_image image=&#8221;1848&#8243; img_size=&#8221;medium&#8221; alignment=&#8221;center&#8221; style=&#8221;vc_box_outline&#8221;][\/vc_column_inner][vc_column_inner width=&#8221;1\/3&#8243;][vc_single_image image=&#8221;1842&#8243; img_size=&#8221;medium&#8221; alignment=&#8221;center&#8221; style=&#8221;vc_box_outline&#8221;][\/vc_column_inner][vc_column_inner width=&#8221;1\/3&#8243;][vc_single_image image=&#8221;1845&#8243; img_size=&#8221;medium&#8221; alignment=&#8221;center&#8221; style=&#8221;vc_box_outline&#8221;][\/vc_column_inner][\/vc_row_inner][\/vc_tta_section][\/vc_tta_accordion][\/vc_column][\/vc_row][vc_row][vc_column][vc_column_text]<\/p>\n<h2><b><span data-contrast=\"none\">Das <\/span><\/b><b><span data-contrast=\"none\">Ziel der Schulung\u00a0<\/span><\/b><\/h2>\n<p><span data-contrast=\"auto\">Die Schulung <\/span><span data-contrast=\"auto\">wird Sie <\/span><span data-contrast=\"auto\">bef\u00e4hig<\/span><span data-contrast=\"auto\">en<\/span> <span data-contrast=\"auto\">unmittelbar <\/span><span data-contrast=\"auto\">K\u00f6rper Tattoos, PMU oder <\/span><span data-contrast=\"auto\">Mikroblading<\/span><span data-contrast=\"auto\"> zu behandeln<\/span><span data-contrast=\"auto\">, ein profitables Gesch\u00e4ft aufzubauen<\/span><span data-contrast=\"auto\">,<\/span> <span data-contrast=\"auto\">Ihr bestehendes Angebot zu erweitern <\/span><span data-contrast=\"auto\">und in das boomende Gesch\u00e4ft der Tattooentfernung einzusteigen<\/span><span data-contrast=\"auto\">.<\/span><span data-ccp-props=\"{}\">\u00a0<\/span><span data-ccp-props=\"{}\">\u00a0<\/span><\/p>\n<p><span data-contrast=\"auto\">Wir w\u00fcnschen Ihnen jetzt schon viel Spa\u00df<\/span><span data-contrast=\"auto\"> und viel Erfolg<\/span><span data-ccp-props=\"{}\">\u00a0<\/span><\/p>\n<p><span data-contrast=\"auto\">Ihr\u00a0<\/span><span data-ccp-props=\"{}\">\u00a0<\/span><b><span data-contrast=\"auto\">SKINIAL TEAM<\/span><\/b><span data-contrast=\"auto\">\u00a0<\/span><span data-ccp-props=\"{}\">\u00a0<\/span><\/p>\n<p><b><span data-contrast=\"none\">P.S.: <\/span><\/b><span data-contrast=\"none\">Ist noch was unklar<\/span><span data-contrast=\"none\">? \u202f<\/span><a href=\"https:\/\/widget-v4.tidiochat.com\/chat.html?kifo8soiijmmp4im7lbfts68j37cxvbe\"><span data-contrast=\"none\">Chatten<\/span><\/a><span data-contrast=\"none\">\u202f Sie mit uns oder schreiben Sie eine E-Mail an\u202f <\/span><a href=\"mailto:info@skinial.com\"><span data-contrast=\"none\">info@skinial.com<\/span><\/a><span data-contrast=\"none\">.<\/span><span data-ccp-props=\"{}\">\u00a0<\/span>[\/vc_column_text][\/vc_column][\/vc_row][vc_row][vc_column][vc_separator color=&#8221;sky&#8221; border_width=&#8221;2&#8243;][\/vc_column][\/vc_row]<\/p>\n","protected":false},"excerpt":{"rendered":"<h2 aria-level=\"2\"><b><span data-contrast=\"none\">F\u00fcr wen ist die Schulung geeignet?<\/span><\/b><b><span data-contrast=\"none\">\u00a0<\/span><\/b><span data-ccp-props=\"{&quot;134233117&quot;:true,&quot;134233118&quot;:true,&quot;201341983&quot;:2,&quot;335559740&quot;:384}\">\u00a0<\/span><\/h2>\n<p>Wenn Sie die Grundlagen perfekt beherrschen und bereits etwas Erfahrung mit der FADING Technik gemacht haben, k\u00f6nnen Sie auch die exklusive und patentierte Technik der Sofortentfernung mittels der <strong>DOT-Technik<\/strong> erlernen, um die h\u00f6chste Perfektion bei der Tattooentfernung zu erlangen. Diese Technik erm\u00f6glicht es Ihnen nahezu jede Pigmentierung sofort vollst\u00e4ndig zu entfernen. Die Technik ist anspruchsvoller als die FADING Technik. Bevor sie das professionelle Level buchen m\u00fcssen Sie die FADING Methode und die Grundlagen absolviert haben. Die <strong>DOT-Methode<\/strong> sollte nur von guten Technikern und erfahrenen Studios angewandt werden, die bereits Erfahrung mit der FADING Technik gesammelt haben.<\/p>\n<p>Die Schulung wiederholt und vertieft Ihres Wissens \u00fcber die FADING Technik und f\u00fchrt Sie schrittweise in unsere einzigartige <strong>DOT-Methode<\/strong> ein. Dabei stehen praktischen \u00dcbungen im Mittelpunkt, sowie ein gro\u00dfer BEST PRACTICE Teil, in dem wir Ihnen unsere langj\u00e4hrige Erfahrung anhand vieler Beispiele vermitteln. Der Abschluss bildet eine oder mehrere praktische Entfernungsbehandlungen an Modellen. Die Gliederung der Schulung finden Sie unten.<\/p>\n<p><span class=\"TextRun SCXW184109907 BCX4\" lang=\"DE-DE\" xml:lang=\"DE-DE\" data-contrast=\"none\"><span class=\"NormalTextRun SCXW184109907 BCX4\" data-ccp-parastyle=\"Normal (Web)\">Diese Technik erm\u00f6glicht es Ihnen nahezu jede Pigmentierung sofort vollst\u00e4ndig zu entfernen. Die Technik ist anspruchsvoller als die FADING Technik. Bevor sie das professionelle Level buchen m\u00fcssen Sie die FADING Methode und die Grundlagen absolviert haben.\u00a0<\/span><\/span><span class=\"EOP SCXW184109907 BCX4\" data-ccp-props=\"{&quot;134233117&quot;:true,&quot;134233118&quot;:true,&quot;335559739&quot;:300}\">\u00a0<\/span><\/p>\n","protected":false},"featured_media":66029,"template":"","meta":{"_kadence_starter_templates_imported_post":false,"_kad_post_transparent":"default","_kad_post_title":"","_kad_post_layout":"default","_kad_post_sidebar_id":"","_kad_post_content_style":"default","_kad_post_vertical_padding":"default","_kad_post_feature":"","_kad_post_feature_position":"","_kad_post_header":false,"_kad_post_footer":false},"product_cat":[32],"product_tag":[],"class_list":{"0":"post-66059","1":"product","2":"type-product","3":"status-publish","4":"has-post-thumbnail","6":"product_cat-general-de","8":"first","9":"instock","10":"taxable","11":"shipping-taxable","12":"purchasable","13":"product-type-simple","14":"entry","15":"content-bg","16":"loop-entry"},"_links":{"self":[{"href":"https:\/\/skinial.com\/training\/de\/wp-json\/wp\/v2\/product\/66059","targetHints":{"allow":["GET"]}}],"collection":[{"href":"https:\/\/skinial.com\/training\/de\/wp-json\/wp\/v2\/product"}],"about":[{"href":"https:\/\/skinial.com\/training\/de\/wp-json\/wp\/v2\/types\/product"}],"wp:featuredmedia":[{"embeddable":true,"href":"https:\/\/skinial.com\/training\/de\/wp-json\/wp\/v2\/media\/66029"}],"wp:attachment":[{"href":"https:\/\/skinial.com\/training\/de\/wp-json\/wp\/v2\/media?parent=66059"}],"wp:term":[{"taxonomy":"product_cat","embeddable":true,"href":"https:\/\/skinial.com\/training\/de\/wp-json\/wp\/v2\/product_cat?post=66059"},{"taxonomy":"product_tag","embeddable":true,"href":"https:\/\/skinial.com\/training\/de\/wp-json\/wp\/v2\/product_tag?post=66059"}],"curies":[{"name":"wp","href":"https:\/\/api.w.org\/{rel}","templated":true}]}}