{"id":60571,"date":"2021-05-31T06:13:16","date_gmt":"2021-05-31T04:13:16","guid":{"rendered":"https:\/\/skinial.com\/training\/product\/schulung-zur-aufhellung-von-pmu-und-body-tattoos\/"},"modified":"2021-07-21T18:39:48","modified_gmt":"2021-07-21T16:39:48","slug":"skinial-basic","status":"publish","type":"product","link":"https:\/\/skinial.com\/training\/de\/shop\/skinial-basic\/","title":{"rendered":"SKINIAL Basic (Deutsch)"},"content":{"rendered":"<p>[vc_row][vc_column][vc_row_inner][vc_column_inner][\/vc_column_inner][\/vc_row_inner][vc_column_text]<\/p>\n<h2><b><span data-contrast=\"none\">Kosten und Dauer der Schulung? <\/span><\/b><\/h2>\n<p><span data-contrast=\"auto\">Die Schulung kostet 595\u20ac incl. eines Starter Kits, das Ihnen automatisch zugeschickt wird. Unmittelbar nach der Zahlung der Schulungsgeb\u00fchr k\u00f6nnen Sie sofort loslegen. Durchschnittlich dauert die Schulung, die sie jederzeit unterbrechen k\u00f6nnen, 12-15 Stunden. Sie haben 20 Wochen Zeit die Schulung zu beenden. Eine praktische Behandlung an einem Kunden ist w\u00e4hrend dieser Schulung nicht vorgesehen und auch nicht erforderlich. Nach erfolgreicher Abschlusspr\u00fcfung erhalten Sie Ihr Zertifikat, einen Einkaufsgutschein, Ihr pers\u00f6nliches SKINIAL Passwort, sowie viele<\/span><span data-contrast=\"auto\">s<\/span><span data-contrast=\"auto\"> mehr. <\/span><\/p>\n<p><img loading=\"lazy\" decoding=\"async\" class=\"aligncenter wp-image-615 size-full\" src=\"https:\/\/skinial.com\/training\/wp-content\/uploads\/2021\/03\/Bildschirmfoto-2021-03-25-um-12.06.19.png\" alt=\"\" width=\"468\" height=\"263\" srcset=\"https:\/\/skinial.com\/training\/wp-content\/uploads\/2021\/03\/Bildschirmfoto-2021-03-25-um-12.06.19.png 468w, https:\/\/skinial.com\/training\/wp-content\/uploads\/2021\/03\/Bildschirmfoto-2021-03-25-um-12.06.19-300x169.png 300w\" sizes=\"auto, (max-width: 468px) 100vw, 468px\" \/>[\/vc_column_text][\/vc_column][\/vc_row][vc_row][vc_column][vc_tta_accordion style=&#8221;outline&#8221; color=&#8221;sky&#8221; active_section=&#8221;1&#8243;][vc_tta_section title=&#8221;Voraussetzungen&#8221; tab_id=&#8221;1620032370682-83746e20-3d0e&#8221;][vc_column_text]<span class=\"TextRun SCXW93872258 BCX4\" lang=\"DE-DE\" xml:lang=\"DE-DE\" data-contrast=\"none\"><span class=\"NormalTextRun SCXW93872258 BCX4\" data-ccp-parastyle=\"Normal (Web)\">Sie ben\u00f6tigen lediglich einen Internetzugang, ein iPad oder PC. Ein Handy ist aufgrund des kleinen Bildschirms nicht geeignet. Durch die intuitive Men\u00fcf\u00fchrung ist die Schulung auch f\u00fcr Personen ohne online Erfahrung geeignet. F\u00fcr die Schulung selbst ben\u00f6tigen Sie kein Entfernungsger\u00e4t. <\/span><\/span> [\/vc_column_text][\/vc_tta_section][vc_tta_section title=&#8221;Wie sicher ist die Schulung?&#8221; tab_id=&#8221;1620032370706-5c1b6420-184f&#8221;][vc_column_text]<span class=\"TextRun SCXW109443834 BCX4\" lang=\"DE-DE\" xml:lang=\"DE-DE\" data-contrast=\"auto\"><span class=\"NormalTextRun SCXW109443834 BCX4\">Unsere AUFHELLUNGS-Technik ist eine der sichersten Behandlungen weltweit und erbringt \u00fcberraschend gute Ergebnisse. Jeder kann diese Technik erlernen und damit den Einstieg in die Tattooentfernung ohne Laser beginnen. <\/span><\/span><span class=\"TextRun SCXW109443834 BCX4\" lang=\"DE-DE\" xml:lang=\"DE-DE\" data-contrast=\"auto\"><span class=\"NormalTextRun SCXW109443834 BCX4\">Unsere bew\u00e4hrte Einverst\u00e4ndniserkl\u00e4rung sichert Sie und Ihre Kunden <\/span><\/span><span class=\"TextRun SCXW109443834 BCX4\" lang=\"DE-DE\" xml:lang=\"DE-DE\" data-contrast=\"auto\"><span class=\"NormalTextRun SCXW109443834 BCX4\">umfassend<\/span><\/span><span class=\"TextRun SCXW109443834 BCX4\" lang=\"DE-DE\" xml:lang=\"DE-DE\" data-contrast=\"auto\"><span class=\"NormalTextRun SCXW109443834 BCX4\"> ab. <\/span><\/span> [\/vc_column_text][\/vc_tta_section][vc_tta_section title=&#8221;Inhalt&#8221; tab_id=&#8221;1620032440147-ed4bff2d-d198&#8243;][vc_column_text]<span data-contrast=\"auto\">I<\/span><span data-contrast=\"auto\">n 12 <\/span><span data-contrast=\"auto\">umfangreichen <\/span><span data-contrast=\"auto\">Kapiteln <\/span><span data-contrast=\"auto\">(<\/span><span data-contrast=\"none\">hier<\/span><span data-contrast=\"auto\"> die Gliederung der einzelnen Kapitel) <\/span><span data-contrast=\"auto\">erfahren Sie in einem theoretischen und einem praktischen Teil <\/span><span data-contrast=\"auto\">alles<\/span><span data-contrast=\"auto\">,<\/span><span data-contrast=\"auto\"> was Sie <\/span><span data-contrast=\"auto\">an medizinischem, rechtlichem und praktischem Wissen <\/span><span data-contrast=\"auto\">f\u00fcr die <\/span><span data-contrast=\"auto\">sichere Durchf\u00fchrung dieser kosmetischen <\/span><span data-contrast=\"auto\">T\u00e4tigkeit ben\u00f6tigen<\/span><span data-contrast=\"auto\">. <\/span><\/p>\n<p><span data-contrast=\"auto\">Sie werden Schritt f\u00fcr Schritt mit der Behandlungstechnik vertraut gemacht. Der umfangreiche Lernstoff wird Ihnen mit vielen Videos, Grafiken, Fragen und Antworten, \u00dcbungen und Wiederholungen mithilfe von modernster E-Learning Technik unkompliziert vermittelt. Die praktische Erfahrung aus mehr als 10 Jahren <\/span><span data-contrast=\"auto\">Behandlung <\/span><span data-contrast=\"auto\">in 20 L\u00e4ndern mit tausenden von <\/span><span data-contrast=\"auto\">Kunden <\/span><span data-contrast=\"auto\">sind <\/span><span data-contrast=\"auto\">in die<\/span><span data-contrast=\"auto\">se<\/span><span data-contrast=\"auto\"> Schulung <\/span><span data-contrast=\"auto\">eingeflossen. <\/span><span data-contrast=\"auto\">Jedes Kapitel und auch jede \u00dcbung kann mehrfach wiederholt werden. Bei R\u00fcckfragen erreichen Sie uns 24\/7 \u00fcber unseren Chat. <\/span><\/p>\n<p><span class=\"TextRun SCXW205169259 BCX4\" lang=\"DE-DE\" xml:lang=\"DE-DE\" data-contrast=\"auto\"><span class=\"NormalTextRun SCXW205169259 BCX4\">Nach der Schulung erhalten Sie kostenlosen Zugang zur <\/span><\/span><span class=\"TextRun SCXW205169259 BCX4\" lang=\"DE-DE\" xml:lang=\"DE-DE\" data-contrast=\"auto\"><span class=\"NormalTextRun SCXW205169259 BCX4\">SKINIAL <\/span><\/span><span class=\"TextRun SCXW205169259 BCX4\" lang=\"DE-DE\" xml:lang=\"DE-DE\" data-contrast=\"auto\"><span class=\"NormalTextRun SCXW205169259 BCX4\">Erfahrungsaustausch-Plattform <\/span><\/span><span class=\"TextRun SCXW205169259 BCX4\" lang=\"DE-DE\" xml:lang=\"DE-DE\" data-contrast=\"auto\"><span class=\"NormalTextRun SCXW205169259 BCX4\">mit <\/span><\/span><span class=\"TextRun SCXW205169259 BCX4\" lang=\"DE-DE\" xml:lang=\"DE-DE\" data-contrast=\"auto\"><span class=\"NormalTextRun SCXW205169259 BCX4\">hunderte<\/span><\/span><span class=\"TextRun SCXW205169259 BCX4\" lang=\"DE-DE\" xml:lang=\"DE-DE\" data-contrast=\"auto\"><span class=\"NormalTextRun SCXW205169259 BCX4\">n<\/span><\/span><span class=\"TextRun SCXW205169259 BCX4\" lang=\"DE-DE\" xml:lang=\"DE-DE\" data-contrast=\"auto\"><span class=\"NormalTextRun SCXW205169259 BCX4\"> von Studios, einer riesigen Bibliothek mit Vorher-Nachher Bildern, Handb\u00fcchern, Unterlagen zum Download und vielem mehr. <\/span><\/span> [\/vc_column_text][vc_row_inner][vc_column_inner width=&#8221;1\/3&#8243;][vc_single_image image=&#8221;1848&#8243; img_size=&#8221;medium&#8221; alignment=&#8221;center&#8221; style=&#8221;vc_box_outline&#8221;][\/vc_column_inner][vc_column_inner width=&#8221;1\/3&#8243;][vc_single_image image=&#8221;1842&#8243; img_size=&#8221;medium&#8221; alignment=&#8221;center&#8221; style=&#8221;vc_box_outline&#8221;][\/vc_column_inner][vc_column_inner width=&#8221;1\/3&#8243;][vc_single_image image=&#8221;1845&#8243; img_size=&#8221;medium&#8221; alignment=&#8221;center&#8221; style=&#8221;vc_box_outline&#8221;][\/vc_column_inner][\/vc_row_inner][\/vc_tta_section][\/vc_tta_accordion][\/vc_column][\/vc_row][vc_row][vc_column][vc_column_text]<\/p>\n<h2><b><span data-contrast=\"none\">Das <\/span><\/b><b><span data-contrast=\"none\">Ziel der Schulung <\/span><\/b><\/h2>\n<p><span data-contrast=\"auto\">Die Schulung <\/span><span data-contrast=\"auto\">wird Sie <\/span><span data-contrast=\"auto\">bef\u00e4hig<\/span><span data-contrast=\"auto\">en<\/span> <span data-contrast=\"auto\">unmittelbar <\/span><span data-contrast=\"auto\">K\u00f6rper Tattoos, PMU oder <\/span><span data-contrast=\"auto\">Mikroblading<\/span><span data-contrast=\"auto\"> zu behandeln<\/span><span data-contrast=\"auto\">, ein profitables Gesch\u00e4ft aufzubauen<\/span><span data-contrast=\"auto\">,<\/span> <span data-contrast=\"auto\">Ihr bestehendes Angebot zu erweitern <\/span><span data-contrast=\"auto\">und in das boomende Gesch\u00e4ft der Tattooentfernung einzusteigen<\/span><span data-contrast=\"auto\">.<\/span><\/p>\n<p><span data-contrast=\"auto\">Wir w\u00fcnschen Ihnen jetzt schon viel Spa\u00df<\/span><span data-contrast=\"auto\"> und viel Erfolg<\/span><\/p>\n<p><span data-contrast=\"auto\">Ihr <\/span> <b><span data-contrast=\"auto\">SKINIAL TEAM<\/span><\/b><\/p>\n<p><b><span data-contrast=\"none\">P.S.: <\/span><\/b><span data-contrast=\"none\">Ist noch was unklar<\/span><span data-contrast=\"none\">? \u202f<\/span><a href=\"https:\/\/widget-v4.tidiochat.com\/chat.html?kifo8soiijmmp4im7lbfts68j37cxvbe\"><span data-contrast=\"none\">Chatten<\/span><\/a><span data-contrast=\"none\">\u202f Sie mit uns oder schreiben Sie eine E-Mail an\u202f <\/span><a href=\"mailto:info@skinial.com\"><span data-contrast=\"none\">info@skinial.com<\/span><\/a><span data-contrast=\"none\">.<\/span> [\/vc_column_text][\/vc_column][\/vc_row]<\/p>\n","protected":false},"excerpt":{"rendered":"<h2 aria-level=\"2\"><b><span data-contrast=\"none\">F\u00fcr wen ist die Schulung geeignet?<\/span><\/b><b> <\/b><\/h2>\n<p><span data-contrast=\"none\">Die AUFHELLUNGS-Schulung ist der ideale Einstieg in das Thema Tattooentfernung ohne Laser f\u00fcr <\/span><span data-contrast=\"none\">Personen <\/span><span data-contrast=\"none\">aus allen Branchen<\/span><span data-contrast=\"none\">,<\/span> <span data-contrast=\"none\">auch<\/span><span data-contrast=\"none\"> Seiteneinsteiger<\/span><span data-contrast=\"none\">n, die gewerblich t\u00e4tig werden wollen<\/span><span data-contrast=\"none\">. T\u00e4towierer k\u00f6nnen Cover-<\/span><span data-contrast=\"none\">ups<\/span><span data-contrast=\"none\"> aufhellen, ohne dass die Haut beeintr\u00e4chtigt wird. Permanent Make-up <\/span><span data-contrast=\"none\">Artists<\/span><span data-contrast=\"none\"> korrigieren schnell und unkompliziert leichte und mittlere Pigmentierungen von Augenbrauen und Lippen.<\/span><\/p>\n","protected":false},"featured_media":63300,"template":"","meta":{"_kadence_starter_templates_imported_post":false,"_kad_post_transparent":"default","_kad_post_title":"","_kad_post_layout":"default","_kad_post_sidebar_id":"","_kad_post_content_style":"default","_kad_post_vertical_padding":"default","_kad_post_feature":"","_kad_post_feature_position":"","_kad_post_header":false,"_kad_post_footer":false},"product_cat":[43],"product_tag":[],"class_list":{"0":"post-60571","1":"product","2":"type-product","3":"status-publish","4":"has-post-thumbnail","6":"product_cat-basic-de","8":"first","9":"instock","10":"virtual","11":"sold-individually","12":"taxable","13":"purchasable","14":"product-type-course","15":"entry","16":"content-bg","17":"loop-entry"},"_links":{"self":[{"href":"https:\/\/skinial.com\/training\/de\/wp-json\/wp\/v2\/product\/60571","targetHints":{"allow":["GET"]}}],"collection":[{"href":"https:\/\/skinial.com\/training\/de\/wp-json\/wp\/v2\/product"}],"about":[{"href":"https:\/\/skinial.com\/training\/de\/wp-json\/wp\/v2\/types\/product"}],"wp:featuredmedia":[{"embeddable":true,"href":"https:\/\/skinial.com\/training\/de\/wp-json\/wp\/v2\/media\/63300"}],"wp:attachment":[{"href":"https:\/\/skinial.com\/training\/de\/wp-json\/wp\/v2\/media?parent=60571"}],"wp:term":[{"taxonomy":"product_cat","embeddable":true,"href":"https:\/\/skinial.com\/training\/de\/wp-json\/wp\/v2\/product_cat?post=60571"},{"taxonomy":"product_tag","embeddable":true,"href":"https:\/\/skinial.com\/training\/de\/wp-json\/wp\/v2\/product_tag?post=60571"}],"curies":[{"name":"wp","href":"https:\/\/api.w.org\/{rel}","templated":true}]}}